{"id":927,"date":"2024-10-10T13:57:56","date_gmt":"2024-10-10T13:57:56","guid":{"rendered":"https:\/\/www.mikolaskovadrobna.com\/?post_type=product&#038;p=927"},"modified":"2025-04-01T08:34:37","modified_gmt":"2025-04-01T08:34:37","slug":"candy-table-low","status":"publish","type":"product","link":"https:\/\/www.mikolaskovadrobna.com\/cs\/shop\/candy-table-low\/","title":{"rendered":"CANDY Table low"},"content":{"rendered":"<p><span style=\"font-weight: 400;\"><a href=\"https:\/\/www.mikolaskovadrobna.com\/cs\/projects\/candy-tables\/\"><strong>Candy Tables<\/strong><\/a> kolekce se skl\u00e1d\u00e1 z n\u011bkolika velikost\u00ed na sob\u011b nez\u00e1visl\u00fdch sklen\u011bn\u00fdch v\u00e1lc\u016f, kter\u00e9 mohou fungovat samostatn\u011b i v libovoln\u00e9 barevn\u00e9 kombinaci jako odkl\u00e1dac\u00ed stolky k sedac\u00ed souprav\u011b, ke k\u0159eslu nebo jako no\u010dn\u00ed stolky. P\u0159esto\u017ee jsou produkty samy o sob\u011b v\u00fdrazn\u00fdmi solit\u00e9ry, jejich um\u00edst\u011bn\u00ed v prostoru a specifick\u00fd gradient dok\u00e1\u017e\u00ed zcelit atmosf\u00e9ru interi\u00e9ru. Toho je doc\u00edleno d\u00edky ru\u010dn\u011b nan\u00e1\u0161en\u00fdm skl\u00e1\u0159sk\u00fdm barv\u00e1m a pot\u00e9 vrstvy matn\u00e9 b\u00edl\u00e9. Ka\u017ed\u00fd do detailu dopracovan\u00fd tubus je pak v\u00fdjime\u010dn\u00fdm origin\u00e1lem.<\/span><\/p>\n<div id='gallery-1' class='gallery galleryid-927 gallery-columns-2 gallery-size-large'><figure class='gallery-item'>\n\t\t\t<div class='gallery-icon portrait'>\n\t\t\t\t<img loading=\"lazy\" decoding=\"async\" width=\"640\" height=\"801\" src=\"https:\/\/www.mikolaskovadrobna.com\/wp-content\/uploads\/2023\/11\/Candy_Tables_05-818x1024.png\" class=\"attachment-large size-large\" alt=\"\" srcset=\"https:\/\/www.mikolaskovadrobna.com\/wp-content\/uploads\/2023\/11\/Candy_Tables_05-818x1024.png 818w, https:\/\/www.mikolaskovadrobna.com\/wp-content\/uploads\/2023\/11\/Candy_Tables_05-240x300.png 240w, https:\/\/www.mikolaskovadrobna.com\/wp-content\/uploads\/2023\/11\/Candy_Tables_05-1227x1536.png 1227w, https:\/\/www.mikolaskovadrobna.com\/wp-content\/uploads\/2023\/11\/Candy_Tables_05-1636x2048.png 1636w, https:\/\/www.mikolaskovadrobna.com\/wp-content\/uploads\/2023\/11\/Candy_Tables_05-400x500.png 400w, https:\/\/www.mikolaskovadrobna.com\/wp-content\/uploads\/2023\/11\/Candy_Tables_05-1200x1503.png 1200w, https:\/\/www.mikolaskovadrobna.com\/wp-content\/uploads\/2023\/11\/Candy_Tables_05.png 1650w\" sizes=\"(max-width: 640px) 100vw, 640px\" \/>\n\t\t\t<\/div><\/figure><figure class='gallery-item'>\n\t\t\t<div class='gallery-icon portrait'>\n\t\t\t\t<img loading=\"lazy\" decoding=\"async\" width=\"640\" height=\"801\" src=\"https:\/\/www.mikolaskovadrobna.com\/wp-content\/uploads\/2023\/11\/Candy_Tables_04-818x1024.png\" class=\"attachment-large size-large\" alt=\"\" srcset=\"https:\/\/www.mikolaskovadrobna.com\/wp-content\/uploads\/2023\/11\/Candy_Tables_04-818x1024.png 818w, https:\/\/www.mikolaskovadrobna.com\/wp-content\/uploads\/2023\/11\/Candy_Tables_04-240x300.png 240w, https:\/\/www.mikolaskovadrobna.com\/wp-content\/uploads\/2023\/11\/Candy_Tables_04-1227x1536.png 1227w, https:\/\/www.mikolaskovadrobna.com\/wp-content\/uploads\/2023\/11\/Candy_Tables_04-1636x2048.png 1636w, https:\/\/www.mikolaskovadrobna.com\/wp-content\/uploads\/2023\/11\/Candy_Tables_04-400x500.png 400w, https:\/\/www.mikolaskovadrobna.com\/wp-content\/uploads\/2023\/11\/Candy_Tables_04-1200x1503.png 1200w, https:\/\/www.mikolaskovadrobna.com\/wp-content\/uploads\/2023\/11\/Candy_Tables_04.png 1650w\" sizes=\"(max-width: 640px) 100vw, 640px\" \/>\n\t\t\t<\/div><\/figure>\n\t\t<\/div>\n\n<p><em>Photo: Adriana Fialov\u00e1<\/em><\/p>","protected":false},"excerpt":{"rendered":"<p>Candy Tables jsou tak sladk\u00e9 a barevn\u00e9 jako bonb\u00f3ny. Jakou barevnou kombinaci okus\u00edte, je na v\u00e1s.<\/p>\n<p><strong>Materi\u00e1l<br \/>\n<\/strong>sklo<\/p>\n<p><strong>Barva<br \/>\n<\/strong>modr\u00e1, oran\u017eov\u00e1, lila, mint, r\u016f\u017eov\u00e1, \u017elut\u00e1<\/p>\n<p><strong>Rozm\u011bry<br \/>\n<\/strong>\u00d8400 x 350 mm<\/p>\n<p><strong>Design<br \/>\n<\/strong>Designed and made in the Czech Republic, 2024<\/p>","protected":false},"featured_media":929,"template":"","meta":{"_editorskit_title_hidden":false,"_editorskit_reading_time":0,"_editorskit_is_block_options_detached":false,"_editorskit_block_options_position":"{}"},"product_cat":[37],"product_tag":[],"class_list":{"0":"post-927","1":"product","2":"type-product","3":"status-publish","4":"has-post-thumbnail","6":"product_cat-candy-tables","8":"first","9":"instock","10":"shipping-taxable","11":"purchasable","12":"product-type-simple"},"_links":{"self":[{"href":"https:\/\/www.mikolaskovadrobna.com\/cs\/wp-json\/wp\/v2\/product\/927"}],"collection":[{"href":"https:\/\/www.mikolaskovadrobna.com\/cs\/wp-json\/wp\/v2\/product"}],"about":[{"href":"https:\/\/www.mikolaskovadrobna.com\/cs\/wp-json\/wp\/v2\/types\/product"}],"wp:featuredmedia":[{"embeddable":true,"href":"https:\/\/www.mikolaskovadrobna.com\/cs\/wp-json\/wp\/v2\/media\/929"}],"wp:attachment":[{"href":"https:\/\/www.mikolaskovadrobna.com\/cs\/wp-json\/wp\/v2\/media?parent=927"}],"wp:term":[{"taxonomy":"product_cat","embeddable":true,"href":"https:\/\/www.mikolaskovadrobna.com\/cs\/wp-json\/wp\/v2\/product_cat?post=927"},{"taxonomy":"product_tag","embeddable":true,"href":"https:\/\/www.mikolaskovadrobna.com\/cs\/wp-json\/wp\/v2\/product_tag?post=927"}],"curies":[{"name":"wp","href":"https:\/\/api.w.org\/{rel}","templated":true}]}}