{"id":684,"date":"2023-12-16T21:05:36","date_gmt":"2023-12-16T21:05:36","guid":{"rendered":"https:\/\/www.mikolaskovadrobna.com\/?post_type=product&#038;p=684"},"modified":"2024-02-25T11:51:07","modified_gmt":"2024-02-25T11:51:07","slug":"voucher-1000-kc","status":"publish","type":"product","link":"https:\/\/www.mikolaskovadrobna.com\/cs\/shop\/voucher-1000-kc\/","title":{"rendered":"Voucher 1000 K\u010d"},"content":{"rendered":"","protected":false},"excerpt":{"rendered":"<p>Modr\u00e1, oran\u017eov\u00e1 nebo mint? R\u00e1di byste ud\u011blali n\u011bkomu radost, ale nev\u00edte kter\u00e1 barva \u010di produkt ho nejv\u00edce pot\u011b\u0161\u00ed?  Pro tuto situaci jsme pro v\u00e1s p\u0159ipravily voucher, kter\u00fd v\u00e1m za\u0161leme obratem do va\u0161eho e-mailu.<\/p>","protected":false},"featured_media":685,"template":"","meta":{"_editorskit_title_hidden":false,"_editorskit_reading_time":0,"_editorskit_is_block_options_detached":false,"_editorskit_block_options_position":"{}"},"product_cat":[223],"product_tag":[],"class_list":{"0":"post-684","1":"product","2":"type-product","3":"status-publish","4":"has-post-thumbnail","6":"product_cat-voucher","8":"first","9":"instock","10":"virtual","11":"purchasable","12":"product-type-simple"},"_links":{"self":[{"href":"https:\/\/www.mikolaskovadrobna.com\/cs\/wp-json\/wp\/v2\/product\/684"}],"collection":[{"href":"https:\/\/www.mikolaskovadrobna.com\/cs\/wp-json\/wp\/v2\/product"}],"about":[{"href":"https:\/\/www.mikolaskovadrobna.com\/cs\/wp-json\/wp\/v2\/types\/product"}],"wp:featuredmedia":[{"embeddable":true,"href":"https:\/\/www.mikolaskovadrobna.com\/cs\/wp-json\/wp\/v2\/media\/685"}],"wp:attachment":[{"href":"https:\/\/www.mikolaskovadrobna.com\/cs\/wp-json\/wp\/v2\/media?parent=684"}],"wp:term":[{"taxonomy":"product_cat","embeddable":true,"href":"https:\/\/www.mikolaskovadrobna.com\/cs\/wp-json\/wp\/v2\/product_cat?post=684"},{"taxonomy":"product_tag","embeddable":true,"href":"https:\/\/www.mikolaskovadrobna.com\/cs\/wp-json\/wp\/v2\/product_tag?post=684"}],"curies":[{"name":"wp","href":"https:\/\/api.w.org\/{rel}","templated":true}]}}