{"id":574,"date":"2022-12-12T21:48:41","date_gmt":"2022-12-12T21:48:41","guid":{"rendered":"https:\/\/www.mikolaskovadrobna.com\/?post_type=product&#038;p=574"},"modified":"2024-10-10T11:53:37","modified_gmt":"2024-10-10T11:53:37","slug":"cushion-pattern","status":"publish","type":"product","link":"https:\/\/www.mikolaskovadrobna.com\/cs\/shop\/cushion-pattern\/","title":{"rendered":"Povlak na pol\u0161t\u00e1\u0159 PATTERN"},"content":{"rendered":"<p><a href=\"https:\/\/www.mikolaskovadrobna.com\/cs\/projects\/thanks-girls\/\"><strong>Thanks Girls!\u00a0<\/strong><\/a>kolekce bytov\u00fdch dopl\u0148k\u016f je inspirov\u00e1na \u017eenami, kter\u00e9 se v prvn\u00ed polovin\u011b 20. stolet\u00ed v\u011bnovaly u\u017eit\u00e9mu um\u011bn\u00ed. Jejich zam\u011b\u0159en\u00ed na drobn\u00e9 bytov\u00e9 dopl\u0148ky, sklo a textil se odr\u00e1\u017e\u00ed v samotn\u00e9 kolekci. Thanks Girls! zahrnuje parav\u00e1n, taburet, sklenici, karafu a povlaky na pol\u0161t\u00e1\u0159e, kter\u00e9 dohromady tvo\u0159\u00ed motiv d\u00e1msk\u00e9ho budo\u00e1ru.<\/p>\n<div id='gallery-1' class='gallery galleryid-574 gallery-columns-2 gallery-size-large'><figure class='gallery-item'>\n\t\t\t<div class='gallery-icon portrait'>\n\t\t\t\t<img loading=\"lazy\" decoding=\"async\" width=\"640\" height=\"960\" src=\"https:\/\/www.mikolaskovadrobna.com\/wp-content\/uploads\/2022\/12\/Navrhova-plocha-1-kopie-4-1-683x1024.png\" class=\"attachment-large size-large\" alt=\"\" srcset=\"https:\/\/www.mikolaskovadrobna.com\/wp-content\/uploads\/2022\/12\/Navrhova-plocha-1-kopie-4-1-683x1024.png 683w, https:\/\/www.mikolaskovadrobna.com\/wp-content\/uploads\/2022\/12\/Navrhova-plocha-1-kopie-4-1-200x300.png 200w, https:\/\/www.mikolaskovadrobna.com\/wp-content\/uploads\/2022\/12\/Navrhova-plocha-1-kopie-4-1-8x12.png 8w, https:\/\/www.mikolaskovadrobna.com\/wp-content\/uploads\/2022\/12\/Navrhova-plocha-1-kopie-4-1.png 1000w\" sizes=\"(max-width: 640px) 100vw, 640px\" \/>\n\t\t\t<\/div><\/figure><figure class='gallery-item'>\n\t\t\t<div class='gallery-icon portrait'>\n\t\t\t\t<img loading=\"lazy\" decoding=\"async\" width=\"640\" height=\"960\" src=\"https:\/\/www.mikolaskovadrobna.com\/wp-content\/uploads\/2022\/12\/Navrhova-plocha-1-kopie-5-683x1024.png\" class=\"attachment-large size-large\" alt=\"\" srcset=\"https:\/\/www.mikolaskovadrobna.com\/wp-content\/uploads\/2022\/12\/Navrhova-plocha-1-kopie-5-683x1024.png 683w, https:\/\/www.mikolaskovadrobna.com\/wp-content\/uploads\/2022\/12\/Navrhova-plocha-1-kopie-5-200x300.png 200w, https:\/\/www.mikolaskovadrobna.com\/wp-content\/uploads\/2022\/12\/Navrhova-plocha-1-kopie-5-8x12.png 8w, https:\/\/www.mikolaskovadrobna.com\/wp-content\/uploads\/2022\/12\/Navrhova-plocha-1-kopie-5.png 1000w\" sizes=\"(max-width: 640px) 100vw, 640px\" \/>\n\t\t\t<\/div><\/figure>\n\t\t<\/div>\n\n<p><em>Photo: Eda Bab\u00e1k<\/em><\/p>","protected":false},"excerpt":{"rendered":"<p>Povlak na pol\u0161t\u00e1\u0159 z kolekce Thanks Girls! je upleten ze sm\u011bsi bavlny a akrylu. Motiv na povlaku byl vytvo\u0159en ve spolupr\u00e1ci s grafick\u00fdm design\u00e9rem Filipem Kominikem. Ka\u017ed\u00e1 strana povlaku m\u00e1 odli\u0161n\u00fd vzor.<\/p>\n<p><strong>Barva<br \/>\n<\/strong>mix<\/p>\n<p><strong>Materi\u00e1l<br \/>\n<\/strong>50% bavlna, 50% akryl<\/p>\n<p><strong>Rozm\u011bry<br \/>\n<\/strong>500 x 500 mm<\/p>\n<p><strong>Design<br \/>\n<\/strong>Navr\u017eeno a vyrobeno v \u010cesk\u00e9 republice, 2021<\/p>\n<p>&nbsp;<\/p>","protected":false},"featured_media":589,"template":"","meta":{"_editorskit_title_hidden":false,"_editorskit_reading_time":0,"_editorskit_is_block_options_detached":false,"_editorskit_block_options_position":"{}"},"product_cat":[36,32],"product_tag":[],"class_list":{"0":"post-574","1":"product","2":"type-product","3":"status-publish","4":"has-post-thumbnail","6":"product_cat-cushion-cover","7":"product_cat-thanks-girls","9":"first","10":"outofstock","11":"shipping-taxable","12":"purchasable","13":"product-type-simple"},"_links":{"self":[{"href":"https:\/\/www.mikolaskovadrobna.com\/cs\/wp-json\/wp\/v2\/product\/574"}],"collection":[{"href":"https:\/\/www.mikolaskovadrobna.com\/cs\/wp-json\/wp\/v2\/product"}],"about":[{"href":"https:\/\/www.mikolaskovadrobna.com\/cs\/wp-json\/wp\/v2\/types\/product"}],"wp:featuredmedia":[{"embeddable":true,"href":"https:\/\/www.mikolaskovadrobna.com\/cs\/wp-json\/wp\/v2\/media\/589"}],"wp:attachment":[{"href":"https:\/\/www.mikolaskovadrobna.com\/cs\/wp-json\/wp\/v2\/media?parent=574"}],"wp:term":[{"taxonomy":"product_cat","embeddable":true,"href":"https:\/\/www.mikolaskovadrobna.com\/cs\/wp-json\/wp\/v2\/product_cat?post=574"},{"taxonomy":"product_tag","embeddable":true,"href":"https:\/\/www.mikolaskovadrobna.com\/cs\/wp-json\/wp\/v2\/product_tag?post=574"}],"curies":[{"name":"wp","href":"https:\/\/api.w.org\/{rel}","templated":true}]}}