{"id":493,"date":"2022-12-11T22:36:09","date_gmt":"2022-12-11T22:36:09","guid":{"rendered":"https:\/\/www.mikolaskovadrobna.com\/?post_type=product&#038;p=493"},"modified":"2024-01-26T18:20:09","modified_gmt":"2024-01-26T18:20:09","slug":"carafe-silhouette","status":"publish","type":"product","link":"https:\/\/www.mikolaskovadrobna.com\/cs\/shop\/carafe-silhouette\/","title":{"rendered":"Karafa SILHOUETTE"},"content":{"rendered":"<p><a href=\"https:\/\/www.mikolaskovadrobna.com\/cs\/projects\/thanks-girls\/\"><strong>Thanks Girls!<\/strong><\/a> kolekce bytov\u00fdch dopl\u0148k\u016f je inspirov\u00e1na \u017eenami, kter\u00e9 se v prvn\u00ed polovin\u011b 20. stolet\u00ed v\u011bnovaly u\u017eit\u00e9mu um\u011bn\u00ed. Jejich zam\u011b\u0159en\u00ed na drobn\u00e9 bytov\u00e9 dopl\u0148ky, sklo a textil se odr\u00e1\u017e\u00ed v samotn\u00e9 kolekci. Thanks Girls! zahrnuje parav\u00e1n, taburet, sklenici, karafu a povlaky na pol\u0161t\u00e1\u0159e, kter\u00e9 dohromady tvo\u0159\u00ed motiv d\u00e1msk\u00e9ho budo\u00e1ru.<\/p>","protected":false},"excerpt":{"rendered":"<p>Sklenice a karafa na vodu z kolekce Thanks Girls! jsou ru\u010dn\u011b foukan\u00e9 na severu \u010cech. Op\u00e1lov\u00e9 sklo je po vyfouknut\u00ed posyp\u00e1no sodou, kter\u00e1 ve skle vytv\u00e1\u0159\u00ed mal\u00e9 bublinky. N\u011bkdy v\u00edce, n\u011bkdy m\u00e9n\u011b. D\u00edky tomu je tak ka\u017ed\u00fd kus unik\u00e1tn\u00ed.<\/p>\n<p><strong>Barva<br \/>\n<\/strong>op\u00e1l<\/p>\n<p><strong>Materi\u00e1l<br \/>\n<\/strong>ru\u010dn\u011b foukan\u00e9 sklo<\/p>\n<p><strong>Rozm\u011bry<br \/>\n<\/strong>\u00d895 x 300 mm, 750ml<\/p>\n<p><strong>Design<br \/>\n<\/strong>Navr\u017eeno a vyrobeno v \u010cesk\u00e9 republice, 2021<\/p>","protected":false},"featured_media":570,"template":"","meta":{"_editorskit_title_hidden":false,"_editorskit_reading_time":0,"_editorskit_is_block_options_detached":false,"_editorskit_block_options_position":"{}"},"product_cat":[33,32],"product_tag":[],"class_list":{"0":"post-493","1":"product","2":"type-product","3":"status-publish","4":"has-post-thumbnail","6":"product_cat-glassware","7":"product_cat-thanks-girls","9":"first","10":"instock","11":"shipping-taxable","12":"purchasable","13":"product-type-simple"},"_links":{"self":[{"href":"https:\/\/www.mikolaskovadrobna.com\/cs\/wp-json\/wp\/v2\/product\/493"}],"collection":[{"href":"https:\/\/www.mikolaskovadrobna.com\/cs\/wp-json\/wp\/v2\/product"}],"about":[{"href":"https:\/\/www.mikolaskovadrobna.com\/cs\/wp-json\/wp\/v2\/types\/product"}],"wp:featuredmedia":[{"embeddable":true,"href":"https:\/\/www.mikolaskovadrobna.com\/cs\/wp-json\/wp\/v2\/media\/570"}],"wp:attachment":[{"href":"https:\/\/www.mikolaskovadrobna.com\/cs\/wp-json\/wp\/v2\/media?parent=493"}],"wp:term":[{"taxonomy":"product_cat","embeddable":true,"href":"https:\/\/www.mikolaskovadrobna.com\/cs\/wp-json\/wp\/v2\/product_cat?post=493"},{"taxonomy":"product_tag","embeddable":true,"href":"https:\/\/www.mikolaskovadrobna.com\/cs\/wp-json\/wp\/v2\/product_tag?post=493"}],"curies":[{"name":"wp","href":"https:\/\/api.w.org\/{rel}","templated":true}]}}