{"id":490,"date":"2022-12-11T22:20:18","date_gmt":"2022-12-11T22:20:18","guid":{"rendered":"https:\/\/www.mikolaskovadrobna.com\/?post_type=product&#038;p=490"},"modified":"2024-01-12T17:04:17","modified_gmt":"2024-01-12T17:04:17","slug":"bowl-column","status":"publish","type":"product","link":"https:\/\/www.mikolaskovadrobna.com\/cs\/shop\/bowl-column\/","title":{"rendered":"M\u00edsa COLUMN"},"content":{"rendered":"<p><a href=\"https:\/\/www.mikolaskovadrobna.com\/cs\/projects\/scene-collection\/\"><strong>Scene Collection<\/strong><\/a> nab\u00edz\u00ed \u0161irokou paletu bytov\u00fdch dopl\u0148k\u016f, v\u010detn\u011b zar\u00e1\u017eek na knihy, stolk\u016f a sklen\u011bn\u00fdch v\u00e1z. Inspiruje se architektonick\u00fdmi fragmenty a sc\u00e9nografick\u00fdmi prvky, umo\u017e\u0148uj\u00edc\u00ed tak u\u017eivatel\u016fm tvo\u0159it r\u016fzn\u00e9 kompozice podle sv\u00fdch pot\u0159eb a fantazie. Cel\u00e1 kolekce je charakteristick\u00e1 svou v\u00fdraznou barevnost\u00ed, kter\u00e1 rozehraje ka\u017ed\u00fd interi\u00e9r.<\/p>","protected":false},"excerpt":{"rendered":"<p>M\u00edsy COLUMN z kolekce Scene Collection \u010derpaj\u00ed inspiraci z antick\u00fdch sloup\u016f a jsou precizn\u011b vyr\u00e1b\u011bny skl\u00e1\u0159i na severu \u010cech. Ka\u017ed\u00fd kus je ru\u010dn\u011b foukan\u00fd do kovov\u00e9 formy z op\u00e1lov\u00e9ho skla, speci\u00e1ln\u011b tak aby byl vytvo\u0159en mramorov\u00fd efekt ve sklovin\u011b.<\/p>\n<p><strong>Barva<br \/>\n<\/strong>op\u00e1l<\/p>\n<p><strong>Materi\u00e1l<br \/>\n<\/strong>ru\u010dn\u011b foukan\u00e9 sklo<\/p>\n<p><strong>Rozm\u011bry<br \/>\n<\/strong>\u00d8310 x 100 mm<\/p>\n<p><strong>Design<br \/>\n<\/strong>Navr\u017eeno a vyrobeno v \u010cesk\u00e9 republice, 2021<\/p>","protected":false},"featured_media":565,"template":"","meta":{"_editorskit_title_hidden":false,"_editorskit_reading_time":0,"_editorskit_is_block_options_detached":false,"_editorskit_block_options_position":"{}"},"product_cat":[26,31],"product_tag":[],"class_list":{"0":"post-490","1":"product","2":"type-product","3":"status-publish","4":"has-post-thumbnail","6":"product_cat-scene-collection","7":"product_cat-vases-and-bowls","9":"first","10":"instock","11":"shipping-taxable","12":"purchasable","13":"product-type-simple"},"_links":{"self":[{"href":"https:\/\/www.mikolaskovadrobna.com\/cs\/wp-json\/wp\/v2\/product\/490"}],"collection":[{"href":"https:\/\/www.mikolaskovadrobna.com\/cs\/wp-json\/wp\/v2\/product"}],"about":[{"href":"https:\/\/www.mikolaskovadrobna.com\/cs\/wp-json\/wp\/v2\/types\/product"}],"wp:featuredmedia":[{"embeddable":true,"href":"https:\/\/www.mikolaskovadrobna.com\/cs\/wp-json\/wp\/v2\/media\/565"}],"wp:attachment":[{"href":"https:\/\/www.mikolaskovadrobna.com\/cs\/wp-json\/wp\/v2\/media?parent=490"}],"wp:term":[{"taxonomy":"product_cat","embeddable":true,"href":"https:\/\/www.mikolaskovadrobna.com\/cs\/wp-json\/wp\/v2\/product_cat?post=490"},{"taxonomy":"product_tag","embeddable":true,"href":"https:\/\/www.mikolaskovadrobna.com\/cs\/wp-json\/wp\/v2\/product_tag?post=490"}],"curies":[{"name":"wp","href":"https:\/\/api.w.org\/{rel}","templated":true}]}}