{"id":482,"date":"2022-12-11T22:06:04","date_gmt":"2022-12-11T22:06:04","guid":{"rendered":"https:\/\/www.mikolaskovadrobna.com\/?post_type=product&#038;p=482"},"modified":"2025-04-01T08:34:06","modified_gmt":"2025-04-01T08:34:06","slug":"side-table-arc","status":"publish","type":"product","link":"https:\/\/www.mikolaskovadrobna.com\/cs\/shop\/side-table-arc\/","title":{"rendered":"Stolek ARC"},"content":{"rendered":"<p><a href=\"https:\/\/www.mikolaskovadrobna.com\/cs\/projects\/scene-collection\/\"><strong>Scene Collection<\/strong><\/a> nab\u00edz\u00ed \u0161irokou paletu bytov\u00fdch dopl\u0148k\u016f, v\u010detn\u011b zar\u00e1\u017eek na knihy, stolk\u016f a sklen\u011bn\u00fdch v\u00e1z. Inspiruje se architektonick\u00fdmi fragmenty a sc\u00e9nografick\u00fdmi prvky, umo\u017e\u0148uj\u00edc\u00ed tak u\u017eivatel\u016fm tvo\u0159it r\u016fzn\u00e9 kompozice podle sv\u00fdch pot\u0159eb a fantazie. Cel\u00e1 kolekce je charakteristick\u00e1 svou v\u00fdraznou barevnost\u00ed, kter\u00e1 rozehraje ka\u017ed\u00fd interi\u00e9r.<\/p>\n<div id='gallery-1' class='gallery galleryid-482 gallery-columns-2 gallery-size-large'><figure class='gallery-item'>\n\t\t\t<div class='gallery-icon portrait'>\n\t\t\t\t<img loading=\"lazy\" decoding=\"async\" width=\"640\" height=\"960\" src=\"https:\/\/www.mikolaskovadrobna.com\/wp-content\/uploads\/2022\/12\/Navrhova-plocha-1-683x1024.png\" class=\"attachment-large size-large\" alt=\"\" srcset=\"https:\/\/www.mikolaskovadrobna.com\/wp-content\/uploads\/2022\/12\/Navrhova-plocha-1-683x1024.png 683w, https:\/\/www.mikolaskovadrobna.com\/wp-content\/uploads\/2022\/12\/Navrhova-plocha-1-200x300.png 200w, https:\/\/www.mikolaskovadrobna.com\/wp-content\/uploads\/2022\/12\/Navrhova-plocha-1-8x12.png 8w, https:\/\/www.mikolaskovadrobna.com\/wp-content\/uploads\/2022\/12\/Navrhova-plocha-1.png 1000w\" sizes=\"(max-width: 640px) 100vw, 640px\" \/>\n\t\t\t<\/div><\/figure><figure class='gallery-item'>\n\t\t\t<div class='gallery-icon portrait'>\n\t\t\t\t<img loading=\"lazy\" decoding=\"async\" width=\"640\" height=\"960\" src=\"https:\/\/www.mikolaskovadrobna.com\/wp-content\/uploads\/2022\/12\/Navrhova-plocha-1-kopie-683x1024.png\" class=\"attachment-large size-large\" alt=\"\" srcset=\"https:\/\/www.mikolaskovadrobna.com\/wp-content\/uploads\/2022\/12\/Navrhova-plocha-1-kopie-683x1024.png 683w, https:\/\/www.mikolaskovadrobna.com\/wp-content\/uploads\/2022\/12\/Navrhova-plocha-1-kopie-200x300.png 200w, https:\/\/www.mikolaskovadrobna.com\/wp-content\/uploads\/2022\/12\/Navrhova-plocha-1-kopie-8x12.png 8w, https:\/\/www.mikolaskovadrobna.com\/wp-content\/uploads\/2022\/12\/Navrhova-plocha-1-kopie.png 1000w\" sizes=\"(max-width: 640px) 100vw, 640px\" \/>\n\t\t\t<\/div><\/figure>\n\t\t<\/div>\n\n<p><em>Photo: Anna Pleslov\u00e1, Eda Bab\u00e1k<\/em><\/p>","protected":false},"excerpt":{"rendered":"<p>Subtiln\u00ed vysok\u00fd stolek ARC je inspirov\u00e1n antickou architekturou. Jedn\u00e1 se o nejvy\u0161\u0161\u00ed stolek v kolekci Scene Collection. V decentn\u00ed b\u00edl\u00e9 barv\u011b se hod\u00ed do ka\u017ed\u00e9ho interi\u00e9ru, kde m\u016f\u017ee p\u016fsobit jako samostatn\u00fd kus n\u00e1bytku nebo b\u00fdt kombinov\u00e1n s dal\u0161\u00edmi stolky z t\u00e9to kolekce.<\/p>\n<p><strong>Barva<br \/>\n<\/strong>b\u00edl\u00e1<\/p>\n<p><strong>Materi\u00e1l<br \/>\n<\/strong>kov, pr\u00e1\u0161kov\u00e1 barva<\/p>\n<p><strong>Rozm\u011br (\u0161 x v x h)<br \/>\n<\/strong>360 x 1000 x 360 mm<\/p>\n<p><strong>Dostupnost<br \/>\n<\/strong>na objedn\u00e1vku<\/p>\n<p><strong>Doba dod\u00e1n\u00ed<br \/>\n<\/strong>3\u20134 t\u00fddny<\/p>\n<p><strong>Design<br \/>\n<\/strong>Navr\u017eeno a vyrobeno v \u010cesk\u00e9 republice, 2021<\/p>","protected":false},"featured_media":561,"template":"","meta":{"_editorskit_title_hidden":false,"_editorskit_reading_time":0,"_editorskit_is_block_options_detached":false,"_editorskit_block_options_position":"{}"},"product_cat":[26,30],"product_tag":[],"class_list":{"0":"post-482","1":"product","2":"type-product","3":"status-publish","4":"has-post-thumbnail","6":"product_cat-scene-collection","7":"product_cat-tables","9":"first","10":"instock","11":"shipping-taxable","12":"purchasable","13":"product-type-simple"},"_links":{"self":[{"href":"https:\/\/www.mikolaskovadrobna.com\/cs\/wp-json\/wp\/v2\/product\/482"}],"collection":[{"href":"https:\/\/www.mikolaskovadrobna.com\/cs\/wp-json\/wp\/v2\/product"}],"about":[{"href":"https:\/\/www.mikolaskovadrobna.com\/cs\/wp-json\/wp\/v2\/types\/product"}],"wp:featuredmedia":[{"embeddable":true,"href":"https:\/\/www.mikolaskovadrobna.com\/cs\/wp-json\/wp\/v2\/media\/561"}],"wp:attachment":[{"href":"https:\/\/www.mikolaskovadrobna.com\/cs\/wp-json\/wp\/v2\/media?parent=482"}],"wp:term":[{"taxonomy":"product_cat","embeddable":true,"href":"https:\/\/www.mikolaskovadrobna.com\/cs\/wp-json\/wp\/v2\/product_cat?post=482"},{"taxonomy":"product_tag","embeddable":true,"href":"https:\/\/www.mikolaskovadrobna.com\/cs\/wp-json\/wp\/v2\/product_tag?post=482"}],"curies":[{"name":"wp","href":"https:\/\/api.w.org\/{rel}","templated":true}]}}