{"id":40,"date":"2022-07-10T17:50:16","date_gmt":"2022-07-10T17:50:16","guid":{"rendered":"https:\/\/www.mikolaskovadrobna.com\/?post_type=product&#038;p=40"},"modified":"2025-04-01T08:30:59","modified_gmt":"2025-04-01T08:30:59","slug":"scene-collection-bookend-stairs-white","status":"publish","type":"product","link":"https:\/\/www.mikolaskovadrobna.com\/cs\/shop\/scene-collection-bookend-stairs-white\/","title":{"rendered":"Zar\u00e1\u017eka na knihy STAIRS b\u00edl\u00e1"},"content":{"rendered":"<p><a href=\"https:\/\/www.mikolaskovadrobna.com\/cs\/projects\/scene-collection\/\"><strong>Scene Collection<\/strong><\/a> nab\u00edz\u00ed \u0161irokou paletu bytov\u00fdch dopl\u0148k\u016f, v\u010detn\u011b zar\u00e1\u017eek na knihy, stolk\u016f a sklen\u011bn\u00fdch v\u00e1z. Inspiruje se architektonick\u00fdmi fragmenty a sc\u00e9nografick\u00fdmi prvky, umo\u017e\u0148uj\u00edc\u00ed tak u\u017eivatel\u016fm tvo\u0159it r\u016fzn\u00e9 kompozice podle sv\u00fdch pot\u0159eb a fantazie. Cel\u00e1 kolekce je charakteristick\u00e1 svou v\u00fdraznou barevnost\u00ed, kter\u00e1 rozehraje ka\u017ed\u00fd interi\u00e9r.<\/p>\n<div id='gallery-1' class='gallery galleryid-40 gallery-columns-2 gallery-size-large'><figure class='gallery-item'>\n\t\t\t<div class='gallery-icon portrait'>\n\t\t\t\t<img loading=\"lazy\" decoding=\"async\" width=\"640\" height=\"960\" src=\"https:\/\/www.mikolaskovadrobna.com\/wp-content\/uploads\/2022\/10\/Navrhova-plocha-1-kopie-3-683x1024.png\" class=\"attachment-large size-large\" alt=\"\" srcset=\"https:\/\/www.mikolaskovadrobna.com\/wp-content\/uploads\/2022\/10\/Navrhova-plocha-1-kopie-3-683x1024.png 683w, https:\/\/www.mikolaskovadrobna.com\/wp-content\/uploads\/2022\/10\/Navrhova-plocha-1-kopie-3-200x300.png 200w, https:\/\/www.mikolaskovadrobna.com\/wp-content\/uploads\/2022\/10\/Navrhova-plocha-1-kopie-3-8x12.png 8w, https:\/\/www.mikolaskovadrobna.com\/wp-content\/uploads\/2022\/10\/Navrhova-plocha-1-kopie-3.png 1000w\" sizes=\"(max-width: 640px) 100vw, 640px\" \/>\n\t\t\t<\/div><\/figure><figure class='gallery-item'>\n\t\t\t<div class='gallery-icon portrait'>\n\t\t\t\t<img loading=\"lazy\" decoding=\"async\" width=\"640\" height=\"960\" src=\"https:\/\/www.mikolaskovadrobna.com\/wp-content\/uploads\/2022\/10\/Navrhova-plocha-1-kopie-2-1-683x1024.png\" class=\"attachment-large size-large\" alt=\"\" srcset=\"https:\/\/www.mikolaskovadrobna.com\/wp-content\/uploads\/2022\/10\/Navrhova-plocha-1-kopie-2-1-683x1024.png 683w, https:\/\/www.mikolaskovadrobna.com\/wp-content\/uploads\/2022\/10\/Navrhova-plocha-1-kopie-2-1-200x300.png 200w, https:\/\/www.mikolaskovadrobna.com\/wp-content\/uploads\/2022\/10\/Navrhova-plocha-1-kopie-2-1-8x12.png 8w, https:\/\/www.mikolaskovadrobna.com\/wp-content\/uploads\/2022\/10\/Navrhova-plocha-1-kopie-2-1.png 1000w\" sizes=\"(max-width: 640px) 100vw, 640px\" \/>\n\t\t\t<\/div><\/figure>\n\t\t<\/div>\n\n<p><em>Photo: Filip Kominik, Tom\u00e1\u0161 Sou\u010dek<\/em><\/p>","protected":false},"excerpt":{"rendered":"<p>Zar\u00e1\u017eky na knihy ze Scene Collection jsou hrav\u00e9, ale z\u00e1rove\u0148 praktick\u00e9. Ka\u017edou knihovnu rozehraj\u00ed do t\u011bch nejr\u016fzn\u011bj\u0161\u00edch barev a sou\u010dasn\u011b v n\u00ed vytv\u00e1\u0159ej\u00ed mal\u00e9 sc\u00e9nografick\u00e9 kompozice. Na v\u00fdb\u011br je ze t\u0159\u00ed typ\u016f zar\u00e1\u017eek \u2013 od nejmen\u0161\u00edho BUNGALOW, ide\u00e1ln\u00edho pro kompaktn\u00ed kn\u00ed\u017eky, p\u0159es univerz\u00e1ln\u00ed STAIRS a\u017e po nejv\u011bt\u0161\u00ed ARC, kter\u00fd spolehliv\u011b podr\u017e\u00ed i ty nejv\u011bt\u0161\u00ed knihy.<\/p>\n<p><strong>Barva<br \/>\n<\/strong>b\u00edl\u00e1<\/p>\n<p><strong>Materi\u00e1l<br \/>\n<\/strong>kov, pr\u00e1\u0161kov\u00e1 barva<\/p>\n<p><strong>Rozm\u011br (\u0161 x v x h)<br \/>\n<\/strong>250 x 180 x 125 mm<\/p>\n<p><strong>Design<br \/>\n<\/strong>Navr\u017eeno a vyrobeno v \u010cesk\u00e9 republice, 2021<\/p>","protected":false},"featured_media":553,"template":"","meta":{"_editorskit_title_hidden":false,"_editorskit_reading_time":0,"_editorskit_is_block_options_detached":false,"_editorskit_block_options_position":"{}"},"product_cat":[27,26],"product_tag":[],"class_list":{"0":"post-40","1":"product","2":"type-product","3":"status-publish","4":"has-post-thumbnail","6":"product_cat-bookends","7":"product_cat-scene-collection","9":"first","10":"instock","11":"featured","12":"shipping-taxable","13":"purchasable","14":"product-type-simple"},"_links":{"self":[{"href":"https:\/\/www.mikolaskovadrobna.com\/cs\/wp-json\/wp\/v2\/product\/40"}],"collection":[{"href":"https:\/\/www.mikolaskovadrobna.com\/cs\/wp-json\/wp\/v2\/product"}],"about":[{"href":"https:\/\/www.mikolaskovadrobna.com\/cs\/wp-json\/wp\/v2\/types\/product"}],"wp:featuredmedia":[{"embeddable":true,"href":"https:\/\/www.mikolaskovadrobna.com\/cs\/wp-json\/wp\/v2\/media\/553"}],"wp:attachment":[{"href":"https:\/\/www.mikolaskovadrobna.com\/cs\/wp-json\/wp\/v2\/media?parent=40"}],"wp:term":[{"taxonomy":"product_cat","embeddable":true,"href":"https:\/\/www.mikolaskovadrobna.com\/cs\/wp-json\/wp\/v2\/product_cat?post=40"},{"taxonomy":"product_tag","embeddable":true,"href":"https:\/\/www.mikolaskovadrobna.com\/cs\/wp-json\/wp\/v2\/product_tag?post=40"}],"curies":[{"name":"wp","href":"https:\/\/api.w.org\/{rel}","templated":true}]}}