{"id":690,"date":"2024-01-05T11:05:22","date_gmt":"2024-01-05T11:05:22","guid":{"rendered":"https:\/\/www.mikolaskovadrobna.com\/?page_id=690"},"modified":"2024-02-17T18:24:06","modified_gmt":"2024-02-17T18:24:06","slug":"candy-tables","status":"publish","type":"page","link":"https:\/\/www.mikolaskovadrobna.com\/cs\/projects\/candy-tables\/","title":{"rendered":"Candy Tables"},"content":{"rendered":"<div class=\"wp-block-columns is-layout-flex wp-container-core-columns-is-layout-1 wp-block-columns-is-layout-flex\"><div class=\"wp-block-column is-layout-flow wp-block-column-is-layout-flow\"><figure class=\"wp-block-image size-large\"><img loading=\"lazy\" decoding=\"async\" width=\"683\" height=\"1024\" src=\"https:\/\/www.mikolaskovadrobna.com\/wp-content\/uploads\/2024\/01\/Touch_of_Colour_photoshoot_03-683x1024.png\" alt=\"\" class=\"wp-image-692\" srcset=\"https:\/\/www.mikolaskovadrobna.com\/wp-content\/uploads\/2024\/01\/Touch_of_Colour_photoshoot_03-683x1024.png 683w, https:\/\/www.mikolaskovadrobna.com\/wp-content\/uploads\/2024\/01\/Touch_of_Colour_photoshoot_03-200x300.png 200w, https:\/\/www.mikolaskovadrobna.com\/wp-content\/uploads\/2024\/01\/Touch_of_Colour_photoshoot_03-1024x1536.png 1024w, https:\/\/www.mikolaskovadrobna.com\/wp-content\/uploads\/2024\/01\/Touch_of_Colour_photoshoot_03-1366x2048.png 1366w, https:\/\/www.mikolaskovadrobna.com\/wp-content\/uploads\/2024\/01\/Touch_of_Colour_photoshoot_03-8x12.png 8w, https:\/\/www.mikolaskovadrobna.com\/wp-content\/uploads\/2024\/01\/Touch_of_Colour_photoshoot_03-1200x1799.png 1200w, https:\/\/www.mikolaskovadrobna.com\/wp-content\/uploads\/2024\/01\/Touch_of_Colour_photoshoot_03.png 1500w\" sizes=\"(max-width: 683px) 100vw, 683px\" \/><\/figure><\/div>\n\n<div class=\"wp-block-column is-layout-flow wp-block-column-is-layout-flow\"><figure class=\"wp-block-image size-large\"><img loading=\"lazy\" decoding=\"async\" width=\"683\" height=\"1024\" src=\"https:\/\/www.mikolaskovadrobna.com\/wp-content\/uploads\/2024\/01\/Touch_of_Colour_photoshoot_01-683x1024.png\" alt=\"\" class=\"wp-image-693\" srcset=\"https:\/\/www.mikolaskovadrobna.com\/wp-content\/uploads\/2024\/01\/Touch_of_Colour_photoshoot_01-683x1024.png 683w, https:\/\/www.mikolaskovadrobna.com\/wp-content\/uploads\/2024\/01\/Touch_of_Colour_photoshoot_01-200x300.png 200w, https:\/\/www.mikolaskovadrobna.com\/wp-content\/uploads\/2024\/01\/Touch_of_Colour_photoshoot_01-1024x1536.png 1024w, https:\/\/www.mikolaskovadrobna.com\/wp-content\/uploads\/2024\/01\/Touch_of_Colour_photoshoot_01-1366x2048.png 1366w, https:\/\/www.mikolaskovadrobna.com\/wp-content\/uploads\/2024\/01\/Touch_of_Colour_photoshoot_01-8x12.png 8w, https:\/\/www.mikolaskovadrobna.com\/wp-content\/uploads\/2024\/01\/Touch_of_Colour_photoshoot_01-1200x1799.png 1200w, https:\/\/www.mikolaskovadrobna.com\/wp-content\/uploads\/2024\/01\/Touch_of_Colour_photoshoot_01.png 1500w\" sizes=\"(max-width: 683px) 100vw, 683px\" \/><\/figure><\/div><\/div><div class=\"wp-block-columns is-layout-flex wp-container-core-columns-is-layout-2 wp-block-columns-is-layout-flex\"><div class=\"wp-block-column is-layout-flow wp-block-column-is-layout-flow\"><figure class=\"wp-block-image size-large\"><img loading=\"lazy\" decoding=\"async\" width=\"683\" height=\"1024\" src=\"https:\/\/www.mikolaskovadrobna.com\/wp-content\/uploads\/2024\/01\/Touch_of_Colour_photoshoot_09-1-683x1024.png\" alt=\"\" class=\"wp-image-702\" srcset=\"https:\/\/www.mikolaskovadrobna.com\/wp-content\/uploads\/2024\/01\/Touch_of_Colour_photoshoot_09-1-683x1024.png 683w, https:\/\/www.mikolaskovadrobna.com\/wp-content\/uploads\/2024\/01\/Touch_of_Colour_photoshoot_09-1-200x300.png 200w, https:\/\/www.mikolaskovadrobna.com\/wp-content\/uploads\/2024\/01\/Touch_of_Colour_photoshoot_09-1-1024x1536.png 1024w, https:\/\/www.mikolaskovadrobna.com\/wp-content\/uploads\/2024\/01\/Touch_of_Colour_photoshoot_09-1-1366x2048.png 1366w, https:\/\/www.mikolaskovadrobna.com\/wp-content\/uploads\/2024\/01\/Touch_of_Colour_photoshoot_09-1-8x12.png 8w, https:\/\/www.mikolaskovadrobna.com\/wp-content\/uploads\/2024\/01\/Touch_of_Colour_photoshoot_09-1-1200x1799.png 1200w, https:\/\/www.mikolaskovadrobna.com\/wp-content\/uploads\/2024\/01\/Touch_of_Colour_photoshoot_09-1.png 1500w\" sizes=\"(max-width: 683px) 100vw, 683px\" \/><\/figure><\/div><\/div><div class=\"wp-block-columns is-layout-flex wp-container-core-columns-is-layout-3 wp-block-columns-is-layout-flex\"><div class=\"wp-block-column is-layout-flow wp-block-column-is-layout-flow\"><figure class=\"wp-block-image size-large\"><img loading=\"lazy\" decoding=\"async\" width=\"683\" height=\"1024\" src=\"https:\/\/www.mikolaskovadrobna.com\/wp-content\/uploads\/2024\/01\/Touch_of_Colour_photoshoot_08-1-683x1024.png\" alt=\"\" class=\"wp-image-696\" srcset=\"https:\/\/www.mikolaskovadrobna.com\/wp-content\/uploads\/2024\/01\/Touch_of_Colour_photoshoot_08-1-683x1024.png 683w, https:\/\/www.mikolaskovadrobna.com\/wp-content\/uploads\/2024\/01\/Touch_of_Colour_photoshoot_08-1-200x300.png 200w, https:\/\/www.mikolaskovadrobna.com\/wp-content\/uploads\/2024\/01\/Touch_of_Colour_photoshoot_08-1-1024x1536.png 1024w, https:\/\/www.mikolaskovadrobna.com\/wp-content\/uploads\/2024\/01\/Touch_of_Colour_photoshoot_08-1-1366x2048.png 1366w, https:\/\/www.mikolaskovadrobna.com\/wp-content\/uploads\/2024\/01\/Touch_of_Colour_photoshoot_08-1-8x12.png 8w, https:\/\/www.mikolaskovadrobna.com\/wp-content\/uploads\/2024\/01\/Touch_of_Colour_photoshoot_08-1-1200x1799.png 1200w, https:\/\/www.mikolaskovadrobna.com\/wp-content\/uploads\/2024\/01\/Touch_of_Colour_photoshoot_08-1.png 1500w\" sizes=\"(max-width: 683px) 100vw, 683px\" \/><\/figure><\/div>\n\n<div class=\"wp-block-column is-layout-flow wp-block-column-is-layout-flow\"><figure class=\"wp-block-image size-large\"><img loading=\"lazy\" decoding=\"async\" width=\"683\" height=\"1024\" src=\"https:\/\/www.mikolaskovadrobna.com\/wp-content\/uploads\/2024\/01\/Touch_of_Colour_photoshoot_13-683x1024.png\" alt=\"\" class=\"wp-image-698\" srcset=\"https:\/\/www.mikolaskovadrobna.com\/wp-content\/uploads\/2024\/01\/Touch_of_Colour_photoshoot_13-683x1024.png 683w, https:\/\/www.mikolaskovadrobna.com\/wp-content\/uploads\/2024\/01\/Touch_of_Colour_photoshoot_13-200x300.png 200w, https:\/\/www.mikolaskovadrobna.com\/wp-content\/uploads\/2024\/01\/Touch_of_Colour_photoshoot_13-1024x1536.png 1024w, https:\/\/www.mikolaskovadrobna.com\/wp-content\/uploads\/2024\/01\/Touch_of_Colour_photoshoot_13-1366x2048.png 1366w, https:\/\/www.mikolaskovadrobna.com\/wp-content\/uploads\/2024\/01\/Touch_of_Colour_photoshoot_13-8x12.png 8w, https:\/\/www.mikolaskovadrobna.com\/wp-content\/uploads\/2024\/01\/Touch_of_Colour_photoshoot_13-1200x1799.png 1200w, https:\/\/www.mikolaskovadrobna.com\/wp-content\/uploads\/2024\/01\/Touch_of_Colour_photoshoot_13.png 1500w\" sizes=\"(max-width: 683px) 100vw, 683px\" \/><\/figure><\/div><\/div><figure class=\"wp-block-image size-large\"><img loading=\"lazy\" decoding=\"async\" width=\"683\" height=\"1024\" src=\"https:\/\/www.mikolaskovadrobna.com\/wp-content\/uploads\/2024\/01\/Touch_of_Colour_photoshoot_12-1-683x1024.png\" alt=\"\" class=\"wp-image-699\" srcset=\"https:\/\/www.mikolaskovadrobna.com\/wp-content\/uploads\/2024\/01\/Touch_of_Colour_photoshoot_12-1-683x1024.png 683w, https:\/\/www.mikolaskovadrobna.com\/wp-content\/uploads\/2024\/01\/Touch_of_Colour_photoshoot_12-1-200x300.png 200w, https:\/\/www.mikolaskovadrobna.com\/wp-content\/uploads\/2024\/01\/Touch_of_Colour_photoshoot_12-1-1024x1536.png 1024w, https:\/\/www.mikolaskovadrobna.com\/wp-content\/uploads\/2024\/01\/Touch_of_Colour_photoshoot_12-1-1366x2048.png 1366w, https:\/\/www.mikolaskovadrobna.com\/wp-content\/uploads\/2024\/01\/Touch_of_Colour_photoshoot_12-1-8x12.png 8w, https:\/\/www.mikolaskovadrobna.com\/wp-content\/uploads\/2024\/01\/Touch_of_Colour_photoshoot_12-1-1200x1799.png 1200w, https:\/\/www.mikolaskovadrobna.com\/wp-content\/uploads\/2024\/01\/Touch_of_Colour_photoshoot_12-1.png 1500w\" sizes=\"(max-width: 683px) 100vw, 683px\" \/><\/figure><div class=\"wp-block-columns is-layout-flex wp-container-core-columns-is-layout-4 wp-block-columns-is-layout-flex\"><div class=\"wp-block-column is-layout-flow wp-block-column-is-layout-flow\"><p>Shop: <strong><a href=\"https:\/\/www.mikolaskovadrobna.com\/cs\/shop\/candy-tables\/\" class=\"ek-link\">Candy Tables<\/a><\/strong><br>Materi\u00e1l: <em>Kov, Sklo<\/em><br>Foto: <em>Adriana Kocourov\u00e1 <\/em><br>Info: <em>Projekt vznikl za podpory <\/em><br><em>St\u00e1tn\u00edho fondu kultury \u010cR<\/em>.<\/p><\/div>\n\n<div class=\"wp-block-column is-layout-flow wp-block-column-is-layout-flow\"><p>Kolekce Candy Tables tvo\u0159\u00ed dv\u011b velikosti na sob\u011b nez\u00e1visl\u00fdch kus\u016f stolk\u016f, kter\u00e9 mohou\nfungovat samostatn\u011b i v libovoln\u00e9 barevn\u00e9 kombinaci. \u0160est men\u0161\u00edch kovov\u00fdch a \u0161est v\u011bt\u0161\u00edch\nsklen\u011bn\u00fdch v\u00e1lc\u016f tvo\u0159\u00ed jedine\u010dn\u00e9 variace. P\u0159esto\u017ee jsou produkty samy o sob\u011b v\u00fdrazn\u00fdmi\nsolit\u00e9ry, jejich vrstven\u00edm lze doc\u00edlit jedine\u010dn\u00e9ho prolnut\u00ed barev. P\u0159ekryt\u00edm kovov\u00e9ho stolku\nsklen\u011bn\u00fdm vznikne jednolit\u00fd objekt se specifick\u00fdm gradientem. Toho je doc\u00edleno d\u00edky ru\u010dn\u011b\nnan\u00e1\u0161en\u00fdm skl\u00e1\u0159sk\u00fdm barv\u00e1m a pot\u00e9 vrstvy matn\u00e9 b\u00edl\u00e9. Ka\u017ed\u00fd do detailu dopracovan\u00fd\ntubus je pak v\u00fdjime\u010dn\u00fdm origin\u00e1lem. <\/p><\/div><\/div><div class=\"wp-block-columns is-layout-flex wp-container-core-columns-is-layout-5 wp-block-columns-is-layout-flex\"><div class=\"wp-block-column is-layout-flow wp-block-column-is-layout-flow\"><figure class=\"wp-block-image size-large is-resized\"><img loading=\"lazy\" decoding=\"async\" width=\"1024\" height=\"353\" src=\"https:\/\/www.mikolaskovadrobna.com\/wp-content\/uploads\/2024\/01\/Logo-cernobile_cesky-1-1024x353.png\" alt=\"\" class=\"wp-image-731\" style=\"width:233px;height:auto\" srcset=\"https:\/\/www.mikolaskovadrobna.com\/wp-content\/uploads\/2024\/01\/Logo-cernobile_cesky-1-1024x353.png 1024w, https:\/\/www.mikolaskovadrobna.com\/wp-content\/uploads\/2024\/01\/Logo-cernobile_cesky-1-300x103.png 300w, https:\/\/www.mikolaskovadrobna.com\/wp-content\/uploads\/2024\/01\/Logo-cernobile_cesky-1-1536x529.png 1536w, https:\/\/www.mikolaskovadrobna.com\/wp-content\/uploads\/2024\/01\/Logo-cernobile_cesky-1-2048x705.png 2048w, https:\/\/www.mikolaskovadrobna.com\/wp-content\/uploads\/2024\/01\/Logo-cernobile_cesky-1-18x6.png 18w, https:\/\/www.mikolaskovadrobna.com\/wp-content\/uploads\/2024\/01\/Logo-cernobile_cesky-1-1200x413.png 1200w\" sizes=\"(max-width: 1024px) 100vw, 1024px\" \/><\/figure><\/div>\n\n<div class=\"wp-block-column is-layout-flow wp-block-column-is-layout-flow\"><\/div><\/div>","protected":false},"excerpt":{"rendered":"<p>Shop: Candy TablesMaterial: Steel, GlassPhoto: Adriana Kocourov\u00e1 Info: The project was supported by the State Culture Fund of the Czech Republic. The Candy Tables collection consists of two sizes of independent table pieces that can function individually or in any desired colour combination. Six smaller metal cylinders and six larger glass cylinders create unique variations. [&hellip;]<\/p>","protected":false},"author":2,"featured_media":0,"parent":71,"menu_order":0,"comment_status":"closed","ping_status":"closed","template":"","meta":{"_editorskit_title_hidden":false,"_editorskit_reading_time":0,"_editorskit_is_block_options_detached":false,"_editorskit_block_options_position":"{}","footnotes":""},"class_list":["post-690","page","type-page","status-publish","hentry"],"_links":{"self":[{"href":"https:\/\/www.mikolaskovadrobna.com\/cs\/wp-json\/wp\/v2\/pages\/690"}],"collection":[{"href":"https:\/\/www.mikolaskovadrobna.com\/cs\/wp-json\/wp\/v2\/pages"}],"about":[{"href":"https:\/\/www.mikolaskovadrobna.com\/cs\/wp-json\/wp\/v2\/types\/page"}],"author":[{"embeddable":true,"href":"https:\/\/www.mikolaskovadrobna.com\/cs\/wp-json\/wp\/v2\/users\/2"}],"replies":[{"embeddable":true,"href":"https:\/\/www.mikolaskovadrobna.com\/cs\/wp-json\/wp\/v2\/comments?post=690"}],"version-history":[{"count":22,"href":"https:\/\/www.mikolaskovadrobna.com\/cs\/wp-json\/wp\/v2\/pages\/690\/revisions"}],"predecessor-version":[{"id":782,"href":"https:\/\/www.mikolaskovadrobna.com\/cs\/wp-json\/wp\/v2\/pages\/690\/revisions\/782"}],"up":[{"embeddable":true,"href":"https:\/\/www.mikolaskovadrobna.com\/cs\/wp-json\/wp\/v2\/pages\/71"}],"wp:attachment":[{"href":"https:\/\/www.mikolaskovadrobna.com\/cs\/wp-json\/wp\/v2\/media?parent=690"}],"curies":[{"name":"wp","href":"https:\/\/api.w.org\/{rel}","templated":true}]}}