{"id":69,"date":"2022-07-10T20:02:32","date_gmt":"2022-07-10T20:02:32","guid":{"rendered":"https:\/\/www.mikolaskovadrobna.com\/?page_id=69"},"modified":"2024-03-14T20:24:45","modified_gmt":"2024-03-14T20:24:45","slug":"about-us","status":"publish","type":"page","link":"https:\/\/www.mikolaskovadrobna.com\/cs\/about-us\/","title":{"rendered":"About us"},"content":{"rendered":"<p class=\"perex\">Krist\u00fdna Mikol\u00e1\u0161kov\u00e1 a Tereza Drobn\u00e1 vystudovaly spole\u010dn\u011b na \u010cesk\u00e9m vysok\u00e9m u\u010den\u00ed technick\u00e9m v Praze. Krist\u00fdna n\u00e1sledn\u011b pokra\u010dovala ve studiu na UMPRUM v ateli\u00e9ru K.O.V veden\u00e9m prof. Eva Eisler a Tereza za\u010dala p\u016fsobit jako design\u00e9rka pro spole\u010dnost Preciosa Lighting. Od roku 2021 spole\u010dn\u011b tvo\u0159\u00ed design\u00e9rsk\u00e9 duo Mikol\u00e1\u0161kov\u00e1&amp;Drobn\u00e1. S prvotn\u00ed kolekc\u00ed Scene Collection, kter\u00e1 byla p\u0159edstavena v r\u00e1mci mezin\u00e1rodn\u00ed p\u0159ehl\u00eddky Designblok 2021, z\u00edskaly nominaci na Ceny Designbloku 2021 v kategorii Nejlep\u0161\u00ed instalace design\u00e9ra nebo design\u00e9rsk\u00e9ho studia. Autorky byly sou\u010dasn\u011b za\u0159azeny do v\u00fdb\u011bru mlad\u00fdch talent\u016f Erste Premier Talent Display Selection, a z\u00edskaly ocen\u011bn\u00ed za Nejlep\u0161\u00ed instalaci v r\u00e1mci festivalu Czech Design Week 2021. Za svou tvorbu byly za\u0159azeny mezi finalisty Czech Grand Design 2021 v kategorii Objev roku .<\/p><figure class=\"wp-block-image size-full about-us-photo\"><img loading=\"lazy\" decoding=\"async\" width=\"2880\" height=\"2160\" src=\"https:\/\/www.mikolaskovadrobna.com\/wp-content\/uploads\/2024\/01\/mikolaskova_drobna_about.png\" alt=\"\" class=\"wp-image-740\" srcset=\"https:\/\/www.mikolaskovadrobna.com\/wp-content\/uploads\/2024\/01\/mikolaskova_drobna_about.png 2880w, https:\/\/www.mikolaskovadrobna.com\/wp-content\/uploads\/2024\/01\/mikolaskova_drobna_about-300x225.png 300w, https:\/\/www.mikolaskovadrobna.com\/wp-content\/uploads\/2024\/01\/mikolaskova_drobna_about-1024x768.png 1024w, https:\/\/www.mikolaskovadrobna.com\/wp-content\/uploads\/2024\/01\/mikolaskova_drobna_about-1536x1152.png 1536w, https:\/\/www.mikolaskovadrobna.com\/wp-content\/uploads\/2024\/01\/mikolaskova_drobna_about-2048x1536.png 2048w, https:\/\/www.mikolaskovadrobna.com\/wp-content\/uploads\/2024\/01\/mikolaskova_drobna_about-16x12.png 16w, https:\/\/www.mikolaskovadrobna.com\/wp-content\/uploads\/2024\/01\/mikolaskova_drobna_about-1200x900.png 1200w\" sizes=\"(max-width: 2880px) 100vw, 2880px\" \/><\/figure><div class=\"wp-block-columns is-layout-flex wp-container-core-columns-is-layout-1 wp-block-columns-is-layout-flex\"><div class=\"wp-block-column is-layout-flow wp-block-column-is-layout-flow\"><p><strong>Tereza Drobn\u00e1<\/strong> vystudovala design na \u010cVUT, kde m\u011bla mo\u017enost vyzkou\u0161et si pr\u00e1ci se \u0161irokou \u0161k\u00e1lou materi\u00e1l\u016f. Pozd\u011bji se za\u010dala soust\u0159edit na pr\u00e1ci se sklem. V t\u00e9 dob\u011b vznikl solit\u00e9r Gem, kter\u00fd vyhr\u00e1l hlavn\u00ed cenu Preciosa Master of Crystal a takt\u00e9\u017e byl nominov\u00e1n na Czech Grand Design. Tereza m\u00e1 za sebou st\u00e1\u017e v lond\u00fdnsk\u00e9m studiu Benoy a studijn\u00ed pobyt na Politecnico di Milano.<\/p><\/div>\n\n<div class=\"wp-block-column is-layout-flow wp-block-column-is-layout-flow\" style=\"flex-basis:48px\"><\/div>\n\n<div class=\"wp-block-column is-layout-flow wp-block-column-is-layout-flow\"><p><strong>Krist\u00fdna Mikol\u00e1\u0161kov\u00e1<\/strong> vystudovala design na \u010cVUT a n\u00e1sledn\u011b ateli\u00e9r Koncept-Objekt-V\u00fdznam pod veden\u00edm Evy Eisler na Vysok\u00e9 \u0161kole um\u011bleckopr\u016fmyslov\u00e9 v Praze. Svou tvorbu vystavovala na \u0159ad\u011b \u010desk\u00fdch, ale i zahrani\u010dn\u00edch v\u00fdstav\u00e1ch, nap\u0159. v Mil\u00e1n\u011b, Mnichov\u011b nebo ve V\u00eddni. Jej\u00ed diplomov\u00e1 pr\u00e1ce My Place byla vybr\u00e1na do sb\u00edrky galerie Mint v Lond\u00fdn\u011b a rovn\u011b\u017e za\u0159azena do v\u00fdb\u011bru TALENTE v Mnichov\u011b.<\/p><\/div><\/div><div class=\"wp-block-columns is-not-stacked-on-mobile wp-block-columns-awards is-layout-flex wp-container-core-columns-is-layout-2 wp-block-columns-is-layout-flex\"><div class=\"wp-block-column is-layout-flow wp-block-column-is-layout-flow\"><figure class=\"wp-block-image size-full\"><img loading=\"lazy\" decoding=\"async\" width=\"1985\" height=\"1985\" src=\"https:\/\/www.mikolaskovadrobna.com\/wp-content\/uploads\/2024\/03\/EDIDA-2024-\u2013-Winner.png\" alt=\"\" class=\"wp-image-904\" srcset=\"https:\/\/www.mikolaskovadrobna.com\/wp-content\/uploads\/2024\/03\/EDIDA-2024-\u2013-Winner.png 1985w, https:\/\/www.mikolaskovadrobna.com\/wp-content\/uploads\/2024\/03\/EDIDA-2024-\u2013-Winner-300x300.png 300w, https:\/\/www.mikolaskovadrobna.com\/wp-content\/uploads\/2024\/03\/EDIDA-2024-\u2013-Winner-1024x1024.png 1024w, https:\/\/www.mikolaskovadrobna.com\/wp-content\/uploads\/2024\/03\/EDIDA-2024-\u2013-Winner-150x150.png 150w, https:\/\/www.mikolaskovadrobna.com\/wp-content\/uploads\/2024\/03\/EDIDA-2024-\u2013-Winner-1536x1536.png 1536w, https:\/\/www.mikolaskovadrobna.com\/wp-content\/uploads\/2024\/03\/EDIDA-2024-\u2013-Winner-12x12.png 12w, https:\/\/www.mikolaskovadrobna.com\/wp-content\/uploads\/2024\/03\/EDIDA-2024-\u2013-Winner-1200x1200.png 1200w, https:\/\/www.mikolaskovadrobna.com\/wp-content\/uploads\/2024\/03\/EDIDA-2024-\u2013-Winner-100x100.png 100w\" sizes=\"(max-width: 1985px) 100vw, 1985px\" \/><\/figure><\/div>\n\n<div class=\"wp-block-column is-layout-flow wp-block-column-is-layout-flow\"><figure class=\"wp-block-image size-full\"><img loading=\"lazy\" decoding=\"async\" width=\"660\" height=\"660\" src=\"https:\/\/www.mikolaskovadrobna.com\/wp-content\/uploads\/2022\/07\/awards-cgd-2021@2x.png\" alt=\"\" class=\"wp-image-80\" srcset=\"https:\/\/www.mikolaskovadrobna.com\/wp-content\/uploads\/2022\/07\/awards-cgd-2021@2x.png 660w, https:\/\/www.mikolaskovadrobna.com\/wp-content\/uploads\/2022\/07\/awards-cgd-2021@2x-100x100.png 100w, https:\/\/www.mikolaskovadrobna.com\/wp-content\/uploads\/2022\/07\/awards-cgd-2021@2x-300x300.png 300w, https:\/\/www.mikolaskovadrobna.com\/wp-content\/uploads\/2022\/07\/awards-cgd-2021@2x-150x150.png 150w, https:\/\/www.mikolaskovadrobna.com\/wp-content\/uploads\/2022\/07\/awards-cgd-2021@2x-400x400.png 400w\" sizes=\"(max-width: 660px) 100vw, 660px\" \/><\/figure><\/div>\n\n<div class=\"wp-block-column is-layout-flow wp-block-column-is-layout-flow\"><figure class=\"wp-block-image size-full\"><img loading=\"lazy\" decoding=\"async\" width=\"660\" height=\"660\" src=\"https:\/\/www.mikolaskovadrobna.com\/wp-content\/uploads\/2022\/07\/awards-da-2021@2x.png\" alt=\"\" class=\"wp-image-81\" srcset=\"https:\/\/www.mikolaskovadrobna.com\/wp-content\/uploads\/2022\/07\/awards-da-2021@2x.png 660w, https:\/\/www.mikolaskovadrobna.com\/wp-content\/uploads\/2022\/07\/awards-da-2021@2x-100x100.png 100w, https:\/\/www.mikolaskovadrobna.com\/wp-content\/uploads\/2022\/07\/awards-da-2021@2x-300x300.png 300w, https:\/\/www.mikolaskovadrobna.com\/wp-content\/uploads\/2022\/07\/awards-da-2021@2x-150x150.png 150w, https:\/\/www.mikolaskovadrobna.com\/wp-content\/uploads\/2022\/07\/awards-da-2021@2x-400x400.png 400w\" sizes=\"(max-width: 660px) 100vw, 660px\" \/><\/figure><\/div>\n\n<div class=\"wp-block-column is-layout-flow wp-block-column-is-layout-flow\"><figure class=\"wp-block-image size-full\"><img loading=\"lazy\" decoding=\"async\" width=\"660\" height=\"660\" src=\"https:\/\/www.mikolaskovadrobna.com\/wp-content\/uploads\/2022\/07\/awards-eptd-2021@2x.png\" alt=\"\" class=\"wp-image-82\" srcset=\"https:\/\/www.mikolaskovadrobna.com\/wp-content\/uploads\/2022\/07\/awards-eptd-2021@2x.png 660w, https:\/\/www.mikolaskovadrobna.com\/wp-content\/uploads\/2022\/07\/awards-eptd-2021@2x-100x100.png 100w, https:\/\/www.mikolaskovadrobna.com\/wp-content\/uploads\/2022\/07\/awards-eptd-2021@2x-300x300.png 300w, https:\/\/www.mikolaskovadrobna.com\/wp-content\/uploads\/2022\/07\/awards-eptd-2021@2x-150x150.png 150w, https:\/\/www.mikolaskovadrobna.com\/wp-content\/uploads\/2022\/07\/awards-eptd-2021@2x-400x400.png 400w\" sizes=\"(max-width: 660px) 100vw, 660px\" \/><\/figure><\/div>\n\n<div class=\"wp-block-column is-layout-flow wp-block-column-is-layout-flow\"><figure class=\"wp-block-image size-full\"><img loading=\"lazy\" decoding=\"async\" width=\"660\" height=\"660\" src=\"https:\/\/www.mikolaskovadrobna.com\/wp-content\/uploads\/2022\/07\/awards-cda-2021@2x.png\" alt=\"\" class=\"wp-image-83\" style=\"object-fit:cover\" srcset=\"https:\/\/www.mikolaskovadrobna.com\/wp-content\/uploads\/2022\/07\/awards-cda-2021@2x.png 660w, https:\/\/www.mikolaskovadrobna.com\/wp-content\/uploads\/2022\/07\/awards-cda-2021@2x-100x100.png 100w, https:\/\/www.mikolaskovadrobna.com\/wp-content\/uploads\/2022\/07\/awards-cda-2021@2x-300x300.png 300w, https:\/\/www.mikolaskovadrobna.com\/wp-content\/uploads\/2022\/07\/awards-cda-2021@2x-150x150.png 150w, https:\/\/www.mikolaskovadrobna.com\/wp-content\/uploads\/2022\/07\/awards-cda-2021@2x-400x400.png 400w\" sizes=\"(max-width: 660px) 100vw, 660px\" \/><\/figure><\/div><\/div>","protected":false},"excerpt":{"rendered":"<p>Krist\u00fdna Mikol\u00e1\u0161kov\u00e1 and Tereza Drobn\u00e1 studied design together at the Czech Technical University in Prague. Krist\u00fdna then graduated from UMPRUM in the K.O.V studio led by Prof. Eva Eisler, and Tereza started working as a designer for Preciosa Lighting. Since 2021 they have been forming the design duo Mikol\u00e1\u0161kov\u00e1&amp;Drobn\u00e1. Their first project, Scene Collection, presented [&hellip;]<\/p>","protected":false},"author":1,"featured_media":0,"parent":0,"menu_order":0,"comment_status":"closed","ping_status":"closed","template":"","meta":{"_editorskit_title_hidden":false,"_editorskit_reading_time":1,"_editorskit_is_block_options_detached":false,"_editorskit_block_options_position":"{}","footnotes":""},"class_list":["post-69","page","type-page","status-publish","hentry"],"_links":{"self":[{"href":"https:\/\/www.mikolaskovadrobna.com\/cs\/wp-json\/wp\/v2\/pages\/69"}],"collection":[{"href":"https:\/\/www.mikolaskovadrobna.com\/cs\/wp-json\/wp\/v2\/pages"}],"about":[{"href":"https:\/\/www.mikolaskovadrobna.com\/cs\/wp-json\/wp\/v2\/types\/page"}],"author":[{"embeddable":true,"href":"https:\/\/www.mikolaskovadrobna.com\/cs\/wp-json\/wp\/v2\/users\/1"}],"replies":[{"embeddable":true,"href":"https:\/\/www.mikolaskovadrobna.com\/cs\/wp-json\/wp\/v2\/comments?post=69"}],"version-history":[{"count":58,"href":"https:\/\/www.mikolaskovadrobna.com\/cs\/wp-json\/wp\/v2\/pages\/69\/revisions"}],"predecessor-version":[{"id":905,"href":"https:\/\/www.mikolaskovadrobna.com\/cs\/wp-json\/wp\/v2\/pages\/69\/revisions\/905"}],"wp:attachment":[{"href":"https:\/\/www.mikolaskovadrobna.com\/cs\/wp-json\/wp\/v2\/media?parent=69"}],"curies":[{"name":"wp","href":"https:\/\/api.w.org\/{rel}","templated":true}]}}