{"id":263,"date":"2022-10-04T14:23:40","date_gmt":"2022-10-04T14:23:40","guid":{"rendered":"https:\/\/www.mikolaskovadrobna.com\/?page_id=263"},"modified":"2024-01-10T12:41:43","modified_gmt":"2024-01-10T12:41:43","slug":"thanks-girls","status":"publish","type":"page","link":"https:\/\/www.mikolaskovadrobna.com\/cs\/projects\/thanks-girls\/","title":{"rendered":"Thanks Girls!"},"content":{"rendered":"<div class=\"wp-block-group wp-block-columns-projects-gallery\"><div class=\"wp-block-group__inner-container is-layout-flow wp-block-group-is-layout-flow\"><figure class=\"wp-block-image size-full\"><a href=\"https:\/\/www.mikolaskovadrobna.com\/wp-content\/uploads\/2023\/01\/mikolaskova_drobna_thanks_girls_01.png\" data-lbwps-width=\"1500\" data-lbwps-height=\"2246\" data-lbwps-srcsmall=\"https:\/\/www.mikolaskovadrobna.com\/wp-content\/uploads\/2023\/01\/mikolaskova_drobna_thanks_girls_01.png\"><img loading=\"lazy\" decoding=\"async\" width=\"1500\" height=\"2246\" src=\"https:\/\/www.mikolaskovadrobna.com\/wp-content\/uploads\/2023\/01\/mikolaskova_drobna_thanks_girls_01.png\" alt=\"\" class=\"wp-image-619\" srcset=\"https:\/\/www.mikolaskovadrobna.com\/wp-content\/uploads\/2023\/01\/mikolaskova_drobna_thanks_girls_01.png 1500w, https:\/\/www.mikolaskovadrobna.com\/wp-content\/uploads\/2023\/01\/mikolaskova_drobna_thanks_girls_01-200x300.png 200w, https:\/\/www.mikolaskovadrobna.com\/wp-content\/uploads\/2023\/01\/mikolaskova_drobna_thanks_girls_01-684x1024.png 684w, https:\/\/www.mikolaskovadrobna.com\/wp-content\/uploads\/2023\/01\/mikolaskova_drobna_thanks_girls_01-1026x1536.png 1026w, https:\/\/www.mikolaskovadrobna.com\/wp-content\/uploads\/2023\/01\/mikolaskova_drobna_thanks_girls_01-1368x2048.png 1368w, https:\/\/www.mikolaskovadrobna.com\/wp-content\/uploads\/2023\/01\/mikolaskova_drobna_thanks_girls_01-1200x1797.png 1200w\" sizes=\"(max-width: 1500px) 100vw, 1500px\" \/><\/a><\/figure>\n\n<div class=\"wp-block-columns is-layout-flex wp-container-core-columns-is-layout-1 wp-block-columns-is-layout-flex\"><div class=\"wp-block-column is-layout-flow wp-block-column-is-layout-flow\"><figure class=\"wp-block-image size-full\"><a href=\"https:\/\/www.mikolaskovadrobna.com\/wp-content\/uploads\/2023\/01\/Screen-Blue-Wood-Main.png\" data-lbwps-width=\"1500\" data-lbwps-height=\"2246\" data-lbwps-srcsmall=\"https:\/\/www.mikolaskovadrobna.com\/wp-content\/uploads\/2023\/01\/Screen-Blue-Wood-Main.png\"><img loading=\"lazy\" decoding=\"async\" width=\"1500\" height=\"2246\" src=\"https:\/\/www.mikolaskovadrobna.com\/wp-content\/uploads\/2023\/01\/Screen-Blue-Wood-Main.png\" alt=\"\" class=\"wp-image-598\" srcset=\"https:\/\/www.mikolaskovadrobna.com\/wp-content\/uploads\/2023\/01\/Screen-Blue-Wood-Main.png 1500w, https:\/\/www.mikolaskovadrobna.com\/wp-content\/uploads\/2023\/01\/Screen-Blue-Wood-Main-200x300.png 200w, https:\/\/www.mikolaskovadrobna.com\/wp-content\/uploads\/2023\/01\/Screen-Blue-Wood-Main-684x1024.png 684w, https:\/\/www.mikolaskovadrobna.com\/wp-content\/uploads\/2023\/01\/Screen-Blue-Wood-Main-1026x1536.png 1026w, https:\/\/www.mikolaskovadrobna.com\/wp-content\/uploads\/2023\/01\/Screen-Blue-Wood-Main-1368x2048.png 1368w, https:\/\/www.mikolaskovadrobna.com\/wp-content\/uploads\/2023\/01\/Screen-Blue-Wood-Main-1200x1797.png 1200w\" sizes=\"(max-width: 1500px) 100vw, 1500px\" \/><\/a><\/figure><\/div>\n\n<div class=\"wp-block-column is-layout-flow wp-block-column-is-layout-flow\"><figure class=\"wp-block-image size-full\"><a href=\"https:\/\/www.mikolaskovadrobna.com\/wp-content\/uploads\/2023\/01\/Mikolaskova-Drobna-Thanks-Girls-Glassware_interior.png\" data-lbwps-width=\"1500\" data-lbwps-height=\"2246\" data-lbwps-srcsmall=\"https:\/\/www.mikolaskovadrobna.com\/wp-content\/uploads\/2023\/01\/Mikolaskova-Drobna-Thanks-Girls-Glassware_interior.png\"><img loading=\"lazy\" decoding=\"async\" width=\"1500\" height=\"2246\" src=\"https:\/\/www.mikolaskovadrobna.com\/wp-content\/uploads\/2023\/01\/Mikolaskova-Drobna-Thanks-Girls-Glassware_interior.png\" alt=\"\" class=\"wp-image-612\" srcset=\"https:\/\/www.mikolaskovadrobna.com\/wp-content\/uploads\/2023\/01\/Mikolaskova-Drobna-Thanks-Girls-Glassware_interior.png 1500w, https:\/\/www.mikolaskovadrobna.com\/wp-content\/uploads\/2023\/01\/Mikolaskova-Drobna-Thanks-Girls-Glassware_interior-200x300.png 200w, https:\/\/www.mikolaskovadrobna.com\/wp-content\/uploads\/2023\/01\/Mikolaskova-Drobna-Thanks-Girls-Glassware_interior-684x1024.png 684w, https:\/\/www.mikolaskovadrobna.com\/wp-content\/uploads\/2023\/01\/Mikolaskova-Drobna-Thanks-Girls-Glassware_interior-1026x1536.png 1026w, https:\/\/www.mikolaskovadrobna.com\/wp-content\/uploads\/2023\/01\/Mikolaskova-Drobna-Thanks-Girls-Glassware_interior-1368x2048.png 1368w, https:\/\/www.mikolaskovadrobna.com\/wp-content\/uploads\/2023\/01\/Mikolaskova-Drobna-Thanks-Girls-Glassware_interior-1200x1797.png 1200w\" sizes=\"(max-width: 1500px) 100vw, 1500px\" \/><\/a><\/figure><\/div><\/div>\n\n<figure class=\"wp-block-image size-full\"><a href=\"https:\/\/www.mikolaskovadrobna.com\/wp-content\/uploads\/2023\/01\/mikolaskova_drobna_thanks_girls_02.png\" data-lbwps-width=\"1500\" data-lbwps-height=\"1002\" data-lbwps-srcsmall=\"https:\/\/www.mikolaskovadrobna.com\/wp-content\/uploads\/2023\/01\/mikolaskova_drobna_thanks_girls_02.png\"><img loading=\"lazy\" decoding=\"async\" width=\"1500\" height=\"1002\" src=\"https:\/\/www.mikolaskovadrobna.com\/wp-content\/uploads\/2023\/01\/mikolaskova_drobna_thanks_girls_02.png\" alt=\"\" class=\"wp-image-620\" srcset=\"https:\/\/www.mikolaskovadrobna.com\/wp-content\/uploads\/2023\/01\/mikolaskova_drobna_thanks_girls_02.png 1500w, https:\/\/www.mikolaskovadrobna.com\/wp-content\/uploads\/2023\/01\/mikolaskova_drobna_thanks_girls_02-300x200.png 300w, https:\/\/www.mikolaskovadrobna.com\/wp-content\/uploads\/2023\/01\/mikolaskova_drobna_thanks_girls_02-1024x684.png 1024w, https:\/\/www.mikolaskovadrobna.com\/wp-content\/uploads\/2023\/01\/mikolaskova_drobna_thanks_girls_02-1200x802.png 1200w\" sizes=\"(max-width: 1500px) 100vw, 1500px\" \/><\/a><\/figure>\n\n<div class=\"wp-block-columns is-layout-flex wp-container-core-columns-is-layout-2 wp-block-columns-is-layout-flex\"><div class=\"wp-block-column is-layout-flow wp-block-column-is-layout-flow\"><figure class=\"wp-block-image size-full\"><a href=\"https:\/\/www.mikolaskovadrobna.com\/wp-content\/uploads\/2023\/01\/Cushion-Wave-Colour-Main.png\" data-lbwps-width=\"1500\" data-lbwps-height=\"2246\" data-lbwps-srcsmall=\"https:\/\/www.mikolaskovadrobna.com\/wp-content\/uploads\/2023\/01\/Cushion-Wave-Colour-Main.png\"><img loading=\"lazy\" decoding=\"async\" width=\"1500\" height=\"2246\" src=\"https:\/\/www.mikolaskovadrobna.com\/wp-content\/uploads\/2023\/01\/Cushion-Wave-Colour-Main.png\" alt=\"\" class=\"wp-image-604\" srcset=\"https:\/\/www.mikolaskovadrobna.com\/wp-content\/uploads\/2023\/01\/Cushion-Wave-Colour-Main.png 1500w, https:\/\/www.mikolaskovadrobna.com\/wp-content\/uploads\/2023\/01\/Cushion-Wave-Colour-Main-200x300.png 200w, https:\/\/www.mikolaskovadrobna.com\/wp-content\/uploads\/2023\/01\/Cushion-Wave-Colour-Main-684x1024.png 684w, https:\/\/www.mikolaskovadrobna.com\/wp-content\/uploads\/2023\/01\/Cushion-Wave-Colour-Main-1026x1536.png 1026w, https:\/\/www.mikolaskovadrobna.com\/wp-content\/uploads\/2023\/01\/Cushion-Wave-Colour-Main-1368x2048.png 1368w, https:\/\/www.mikolaskovadrobna.com\/wp-content\/uploads\/2023\/01\/Cushion-Wave-Colour-Main-1200x1797.png 1200w\" sizes=\"(max-width: 1500px) 100vw, 1500px\" \/><\/a><\/figure><\/div>\n\n<div class=\"wp-block-column is-layout-flow wp-block-column-is-layout-flow\"><figure class=\"wp-block-image size-full\"><a href=\"https:\/\/www.mikolaskovadrobna.com\/wp-content\/uploads\/2023\/01\/Cushion-Logo-Black-and-White-Main.png\" data-lbwps-width=\"1500\" data-lbwps-height=\"2246\" data-lbwps-srcsmall=\"https:\/\/www.mikolaskovadrobna.com\/wp-content\/uploads\/2023\/01\/Cushion-Logo-Black-and-White-Main.png\"><img loading=\"lazy\" decoding=\"async\" width=\"1500\" height=\"2246\" src=\"https:\/\/www.mikolaskovadrobna.com\/wp-content\/uploads\/2023\/01\/Cushion-Logo-Black-and-White-Main.png\" alt=\"\" class=\"wp-image-605\" srcset=\"https:\/\/www.mikolaskovadrobna.com\/wp-content\/uploads\/2023\/01\/Cushion-Logo-Black-and-White-Main.png 1500w, https:\/\/www.mikolaskovadrobna.com\/wp-content\/uploads\/2023\/01\/Cushion-Logo-Black-and-White-Main-200x300.png 200w, https:\/\/www.mikolaskovadrobna.com\/wp-content\/uploads\/2023\/01\/Cushion-Logo-Black-and-White-Main-684x1024.png 684w, https:\/\/www.mikolaskovadrobna.com\/wp-content\/uploads\/2023\/01\/Cushion-Logo-Black-and-White-Main-1026x1536.png 1026w, https:\/\/www.mikolaskovadrobna.com\/wp-content\/uploads\/2023\/01\/Cushion-Logo-Black-and-White-Main-1368x2048.png 1368w, https:\/\/www.mikolaskovadrobna.com\/wp-content\/uploads\/2023\/01\/Cushion-Logo-Black-and-White-Main-1200x1797.png 1200w\" sizes=\"(max-width: 1500px) 100vw, 1500px\" \/><\/a><\/figure><\/div><\/div>\n\n<figure class=\"wp-block-image size-full\"><a href=\"https:\/\/www.mikolaskovadrobna.com\/wp-content\/uploads\/2023\/01\/mikolaskova_drobna_thanks_girls_03.png\" data-lbwps-width=\"1500\" data-lbwps-height=\"2245\" data-lbwps-srcsmall=\"https:\/\/www.mikolaskovadrobna.com\/wp-content\/uploads\/2023\/01\/mikolaskova_drobna_thanks_girls_03.png\"><img loading=\"lazy\" decoding=\"async\" width=\"1500\" height=\"2245\" src=\"https:\/\/www.mikolaskovadrobna.com\/wp-content\/uploads\/2023\/01\/mikolaskova_drobna_thanks_girls_03.png\" alt=\"\" class=\"wp-image-621\" srcset=\"https:\/\/www.mikolaskovadrobna.com\/wp-content\/uploads\/2023\/01\/mikolaskova_drobna_thanks_girls_03.png 1500w, https:\/\/www.mikolaskovadrobna.com\/wp-content\/uploads\/2023\/01\/mikolaskova_drobna_thanks_girls_03-200x300.png 200w, https:\/\/www.mikolaskovadrobna.com\/wp-content\/uploads\/2023\/01\/mikolaskova_drobna_thanks_girls_03-684x1024.png 684w, https:\/\/www.mikolaskovadrobna.com\/wp-content\/uploads\/2023\/01\/mikolaskova_drobna_thanks_girls_03-1026x1536.png 1026w, https:\/\/www.mikolaskovadrobna.com\/wp-content\/uploads\/2023\/01\/mikolaskova_drobna_thanks_girls_03-1368x2048.png 1368w, https:\/\/www.mikolaskovadrobna.com\/wp-content\/uploads\/2023\/01\/mikolaskova_drobna_thanks_girls_03-1200x1796.png 1200w\" sizes=\"(max-width: 1500px) 100vw, 1500px\" \/><\/a><\/figure>\n\n<div class=\"wp-block-columns is-layout-flex wp-container-core-columns-is-layout-3 wp-block-columns-is-layout-flex\"><div class=\"wp-block-column is-layout-flow wp-block-column-is-layout-flow\"><figure class=\"wp-block-image size-full\"><a href=\"https:\/\/www.mikolaskovadrobna.com\/wp-content\/uploads\/2023\/01\/mikolaskova_drobna_thanks_girls_04.png\" data-lbwps-width=\"1500\" data-lbwps-height=\"2246\" data-lbwps-srcsmall=\"https:\/\/www.mikolaskovadrobna.com\/wp-content\/uploads\/2023\/01\/mikolaskova_drobna_thanks_girls_04.png\"><img loading=\"lazy\" decoding=\"async\" width=\"1500\" height=\"2246\" src=\"https:\/\/www.mikolaskovadrobna.com\/wp-content\/uploads\/2023\/01\/mikolaskova_drobna_thanks_girls_04.png\" alt=\"\" class=\"wp-image-623\" srcset=\"https:\/\/www.mikolaskovadrobna.com\/wp-content\/uploads\/2023\/01\/mikolaskova_drobna_thanks_girls_04.png 1500w, https:\/\/www.mikolaskovadrobna.com\/wp-content\/uploads\/2023\/01\/mikolaskova_drobna_thanks_girls_04-200x300.png 200w, https:\/\/www.mikolaskovadrobna.com\/wp-content\/uploads\/2023\/01\/mikolaskova_drobna_thanks_girls_04-684x1024.png 684w, https:\/\/www.mikolaskovadrobna.com\/wp-content\/uploads\/2023\/01\/mikolaskova_drobna_thanks_girls_04-1026x1536.png 1026w, https:\/\/www.mikolaskovadrobna.com\/wp-content\/uploads\/2023\/01\/mikolaskova_drobna_thanks_girls_04-1368x2048.png 1368w, https:\/\/www.mikolaskovadrobna.com\/wp-content\/uploads\/2023\/01\/mikolaskova_drobna_thanks_girls_04-1200x1797.png 1200w\" sizes=\"(max-width: 1500px) 100vw, 1500px\" \/><\/a><\/figure><\/div>\n\n<div class=\"wp-block-column is-layout-flow wp-block-column-is-layout-flow\"><figure class=\"wp-block-image size-full\"><a href=\"https:\/\/www.mikolaskovadrobna.com\/wp-content\/uploads\/2023\/01\/Glass-and-Carafe-Opal-White-01-1.png\" data-lbwps-width=\"1500\" data-lbwps-height=\"2246\" data-lbwps-srcsmall=\"https:\/\/www.mikolaskovadrobna.com\/wp-content\/uploads\/2023\/01\/Glass-and-Carafe-Opal-White-01-1.png\"><img loading=\"lazy\" decoding=\"async\" width=\"1500\" height=\"2246\" src=\"https:\/\/www.mikolaskovadrobna.com\/wp-content\/uploads\/2023\/01\/Glass-and-Carafe-Opal-White-01-1.png\" alt=\"\" class=\"wp-image-608\" srcset=\"https:\/\/www.mikolaskovadrobna.com\/wp-content\/uploads\/2023\/01\/Glass-and-Carafe-Opal-White-01-1.png 1500w, https:\/\/www.mikolaskovadrobna.com\/wp-content\/uploads\/2023\/01\/Glass-and-Carafe-Opal-White-01-1-200x300.png 200w, https:\/\/www.mikolaskovadrobna.com\/wp-content\/uploads\/2023\/01\/Glass-and-Carafe-Opal-White-01-1-684x1024.png 684w, https:\/\/www.mikolaskovadrobna.com\/wp-content\/uploads\/2023\/01\/Glass-and-Carafe-Opal-White-01-1-1026x1536.png 1026w, https:\/\/www.mikolaskovadrobna.com\/wp-content\/uploads\/2023\/01\/Glass-and-Carafe-Opal-White-01-1-1368x2048.png 1368w, https:\/\/www.mikolaskovadrobna.com\/wp-content\/uploads\/2023\/01\/Glass-and-Carafe-Opal-White-01-1-1200x1797.png 1200w\" sizes=\"(max-width: 1500px) 100vw, 1500px\" \/><\/a><\/figure><\/div><\/div>\n\n<div class=\"wp-block-columns is-layout-flex wp-container-core-columns-is-layout-4 wp-block-columns-is-layout-flex\"><div class=\"wp-block-column is-layout-flow wp-block-column-is-layout-flow\"><figure class=\"wp-block-image size-full\"><img loading=\"lazy\" decoding=\"async\" width=\"2246\" height=\"1500\" src=\"https:\/\/www.mikolaskovadrobna.com\/wp-content\/uploads\/2023\/01\/Stool-Wave-Cheery-Main.png\" alt=\"\" class=\"wp-image-609\" srcset=\"https:\/\/www.mikolaskovadrobna.com\/wp-content\/uploads\/2023\/01\/Stool-Wave-Cheery-Main.png 2246w, https:\/\/www.mikolaskovadrobna.com\/wp-content\/uploads\/2023\/01\/Stool-Wave-Cheery-Main-300x200.png 300w, https:\/\/www.mikolaskovadrobna.com\/wp-content\/uploads\/2023\/01\/Stool-Wave-Cheery-Main-1024x684.png 1024w, https:\/\/www.mikolaskovadrobna.com\/wp-content\/uploads\/2023\/01\/Stool-Wave-Cheery-Main-1536x1026.png 1536w, https:\/\/www.mikolaskovadrobna.com\/wp-content\/uploads\/2023\/01\/Stool-Wave-Cheery-Main-2048x1368.png 2048w, https:\/\/www.mikolaskovadrobna.com\/wp-content\/uploads\/2023\/01\/Stool-Wave-Cheery-Main-1200x801.png 1200w\" sizes=\"(max-width: 2246px) 100vw, 2246px\" \/><\/figure><\/div><\/div>\n\n<div class=\"wp-block-columns is-layout-flex wp-container-core-columns-is-layout-5 wp-block-columns-is-layout-flex\"><div class=\"wp-block-column is-layout-flow wp-block-column-is-layout-flow\"><figure class=\"wp-block-image size-full\"><img loading=\"lazy\" decoding=\"async\" width=\"1500\" height=\"2246\" src=\"https:\/\/www.mikolaskovadrobna.com\/wp-content\/uploads\/2023\/01\/Glass-Opal-White-01.png\" alt=\"\" class=\"wp-image-614\" srcset=\"https:\/\/www.mikolaskovadrobna.com\/wp-content\/uploads\/2023\/01\/Glass-Opal-White-01.png 1500w, https:\/\/www.mikolaskovadrobna.com\/wp-content\/uploads\/2023\/01\/Glass-Opal-White-01-200x300.png 200w, https:\/\/www.mikolaskovadrobna.com\/wp-content\/uploads\/2023\/01\/Glass-Opal-White-01-684x1024.png 684w, https:\/\/www.mikolaskovadrobna.com\/wp-content\/uploads\/2023\/01\/Glass-Opal-White-01-1026x1536.png 1026w, https:\/\/www.mikolaskovadrobna.com\/wp-content\/uploads\/2023\/01\/Glass-Opal-White-01-1368x2048.png 1368w, https:\/\/www.mikolaskovadrobna.com\/wp-content\/uploads\/2023\/01\/Glass-Opal-White-01-1200x1797.png 1200w\" sizes=\"(max-width: 1500px) 100vw, 1500px\" \/><\/figure><\/div>\n\n<div class=\"wp-block-column is-layout-flow wp-block-column-is-layout-flow\"><figure class=\"wp-block-image size-full\"><img loading=\"lazy\" decoding=\"async\" width=\"1500\" height=\"2246\" src=\"https:\/\/www.mikolaskovadrobna.com\/wp-content\/uploads\/2023\/01\/Screen-Cherry-Wood-Main.png\" alt=\"\" class=\"wp-image-611\" srcset=\"https:\/\/www.mikolaskovadrobna.com\/wp-content\/uploads\/2023\/01\/Screen-Cherry-Wood-Main.png 1500w, https:\/\/www.mikolaskovadrobna.com\/wp-content\/uploads\/2023\/01\/Screen-Cherry-Wood-Main-200x300.png 200w, https:\/\/www.mikolaskovadrobna.com\/wp-content\/uploads\/2023\/01\/Screen-Cherry-Wood-Main-684x1024.png 684w, https:\/\/www.mikolaskovadrobna.com\/wp-content\/uploads\/2023\/01\/Screen-Cherry-Wood-Main-1026x1536.png 1026w, https:\/\/www.mikolaskovadrobna.com\/wp-content\/uploads\/2023\/01\/Screen-Cherry-Wood-Main-1368x2048.png 1368w, https:\/\/www.mikolaskovadrobna.com\/wp-content\/uploads\/2023\/01\/Screen-Cherry-Wood-Main-1200x1797.png 1200w\" sizes=\"(max-width: 1500px) 100vw, 1500px\" \/><\/figure><\/div><\/div>\n\n<figure class=\"wp-block-image size-full\"><img loading=\"lazy\" decoding=\"async\" width=\"1500\" height=\"2234\" src=\"https:\/\/www.mikolaskovadrobna.com\/wp-content\/uploads\/2023\/01\/mikolaskova_drobna_thanks_girls_05.png\" alt=\"\" class=\"wp-image-624\" srcset=\"https:\/\/www.mikolaskovadrobna.com\/wp-content\/uploads\/2023\/01\/mikolaskova_drobna_thanks_girls_05.png 1500w, https:\/\/www.mikolaskovadrobna.com\/wp-content\/uploads\/2023\/01\/mikolaskova_drobna_thanks_girls_05-201x300.png 201w, https:\/\/www.mikolaskovadrobna.com\/wp-content\/uploads\/2023\/01\/mikolaskova_drobna_thanks_girls_05-688x1024.png 688w, https:\/\/www.mikolaskovadrobna.com\/wp-content\/uploads\/2023\/01\/mikolaskova_drobna_thanks_girls_05-1031x1536.png 1031w, https:\/\/www.mikolaskovadrobna.com\/wp-content\/uploads\/2023\/01\/mikolaskova_drobna_thanks_girls_05-1375x2048.png 1375w, https:\/\/www.mikolaskovadrobna.com\/wp-content\/uploads\/2023\/01\/mikolaskova_drobna_thanks_girls_05-1200x1787.png 1200w\" sizes=\"(max-width: 1500px) 100vw, 1500px\" \/><\/figure><\/div><\/div><div class=\"wp-block-columns is-layout-flex wp-container-core-columns-is-layout-6 wp-block-columns-is-layout-flex\"><div class=\"wp-block-column is-layout-flow wp-block-column-is-layout-flow\"><p>Shop: <strong><a href=\"https:\/\/www.mikolaskovadrobna.com\/cs\/shop\/candy-tables\/\" class=\"ek-link\">Thanks Girls!<\/a><\/strong><br>Materi\u00e1l: <em>D\u0159evo, Sklo, Textil<\/em><br>Foto: <em>Filip Kominik <\/em><\/p><\/div>\n\n<div class=\"wp-block-column is-layout-flow wp-block-column-is-layout-flow\"><p>Kolekce bytov\u00fdch dopl\u0148k\u016f Thanks Girl! je inspirov\u00e1na \u017eenami, kter\u00e9 se v prvn\u00ed polovin\u011b 20. stolet\u00ed v\u011bnovaly u\u017eit\u00e9mu um\u011bn\u00ed. Jejich zam\u011b\u0159en\u00ed na drobn\u00e9 bytov\u00e9 dopl\u0148ky, sklo a textil se odr\u00e1\u017e\u00ed v samotn\u00e9 kolekci. Thanks Girls! zahrnuje parav\u00e1n, taburet, sklenice, karafu a povlaky na pol\u0161t\u00e1\u0159e. V\u0161echny produkty dohromady tvo\u0159\u00ed motiv d\u00e1msk\u00e9ho budo\u00e1ru. D\u0159ev\u011bn\u00fd parav\u00e1n je slo\u017een ze dvou \u010d\u00e1st\u00ed. V\u011bt\u0161\u00ed \u010d\u00e1st je dvoud\u00edln\u00fd modr\u00fd parav\u00e1n a men\u0161\u00ed \u010d\u00e1st je vyrobena z t\u0159e\u0161\u0148ov\u00e9ho d\u0159eva. Karafa a sklenice na vodu kop\u00edruj\u00ed tvar \u017eensk\u00e9 siluety a jsou vyrobeny z op\u00e1lov\u00e9ho skla s bublinkami. Ve spolupr\u00e1ci s grafikem Filipem Komin\u00edkem vznikly dva typy pleten\u00fdch povlak\u016f na pol\u0161t\u00e1\u0159e s v\u00fdrazn\u00fdmi grafick\u00fdmi motivy.<\/p><\/div><\/div>","protected":false},"excerpt":{"rendered":"<p>Shop: Thanks Girls!Material: Wood, Glass, FabricPhoto: Filip Kominik The home accessories collection is inspired by women involved in the applied arts in the first half of the 20th century. Their focus on small home accessories, glass or textiles is then mirrored in the collection itself. Thanks Girls! collection includes a screen, stool, glasses, decanter and [&hellip;]<\/p>","protected":false},"author":2,"featured_media":0,"parent":71,"menu_order":0,"comment_status":"closed","ping_status":"closed","template":"","meta":{"_editorskit_title_hidden":false,"_editorskit_reading_time":1,"_editorskit_is_block_options_detached":false,"_editorskit_block_options_position":"{}","footnotes":""},"class_list":["post-263","page","type-page","status-publish","hentry"],"_links":{"self":[{"href":"https:\/\/www.mikolaskovadrobna.com\/cs\/wp-json\/wp\/v2\/pages\/263"}],"collection":[{"href":"https:\/\/www.mikolaskovadrobna.com\/cs\/wp-json\/wp\/v2\/pages"}],"about":[{"href":"https:\/\/www.mikolaskovadrobna.com\/cs\/wp-json\/wp\/v2\/types\/page"}],"author":[{"embeddable":true,"href":"https:\/\/www.mikolaskovadrobna.com\/cs\/wp-json\/wp\/v2\/users\/2"}],"replies":[{"embeddable":true,"href":"https:\/\/www.mikolaskovadrobna.com\/cs\/wp-json\/wp\/v2\/comments?post=263"}],"version-history":[{"count":14,"href":"https:\/\/www.mikolaskovadrobna.com\/cs\/wp-json\/wp\/v2\/pages\/263\/revisions"}],"predecessor-version":[{"id":766,"href":"https:\/\/www.mikolaskovadrobna.com\/cs\/wp-json\/wp\/v2\/pages\/263\/revisions\/766"}],"up":[{"embeddable":true,"href":"https:\/\/www.mikolaskovadrobna.com\/cs\/wp-json\/wp\/v2\/pages\/71"}],"wp:attachment":[{"href":"https:\/\/www.mikolaskovadrobna.com\/cs\/wp-json\/wp\/v2\/media?parent=263"}],"curies":[{"name":"wp","href":"https:\/\/api.w.org\/{rel}","templated":true}]}}