{"id":250,"date":"2022-10-04T09:16:08","date_gmt":"2022-10-04T09:16:08","guid":{"rendered":"https:\/\/www.mikolaskovadrobna.com\/?page_id=250"},"modified":"2023-01-04T10:10:41","modified_gmt":"2023-01-04T10:10:41","slug":"accessories-for-kunsthalle-praha","status":"publish","type":"page","link":"https:\/\/www.mikolaskovadrobna.com\/cs\/projects\/accessories-for-kunsthalle-praha\/","title":{"rendered":"Dopl\u0148ky pro Kunsthalle Praha"},"content":{"rendered":"<div class=\"wp-block-group wp-block-columns-projects-gallery\"><div class=\"wp-block-group__inner-container is-layout-flow wp-block-group-is-layout-flow\"><figure class=\"wp-block-image size-full\"><a href=\"https:\/\/www.mikolaskovadrobna.com\/wp-content\/uploads\/2022\/10\/mikolaskova_drobna_kunsthalle_accessories_07.png\" data-lbwps-width=\"1500\" data-lbwps-height=\"2250\" data-lbwps-srcsmall=\"https:\/\/www.mikolaskovadrobna.com\/wp-content\/uploads\/2022\/10\/mikolaskova_drobna_kunsthalle_accessories_07.png\"><img loading=\"lazy\" decoding=\"async\" width=\"1500\" height=\"2250\" src=\"https:\/\/www.mikolaskovadrobna.com\/wp-content\/uploads\/2022\/10\/mikolaskova_drobna_kunsthalle_accessories_07.png\" alt=\"\" class=\"wp-image-252\" srcset=\"https:\/\/www.mikolaskovadrobna.com\/wp-content\/uploads\/2022\/10\/mikolaskova_drobna_kunsthalle_accessories_07.png 1500w, https:\/\/www.mikolaskovadrobna.com\/wp-content\/uploads\/2022\/10\/mikolaskova_drobna_kunsthalle_accessories_07-1200x1800.png 1200w, https:\/\/www.mikolaskovadrobna.com\/wp-content\/uploads\/2022\/10\/mikolaskova_drobna_kunsthalle_accessories_07-200x300.png 200w, https:\/\/www.mikolaskovadrobna.com\/wp-content\/uploads\/2022\/10\/mikolaskova_drobna_kunsthalle_accessories_07-683x1024.png 683w, https:\/\/www.mikolaskovadrobna.com\/wp-content\/uploads\/2022\/10\/mikolaskova_drobna_kunsthalle_accessories_07-1024x1536.png 1024w, https:\/\/www.mikolaskovadrobna.com\/wp-content\/uploads\/2022\/10\/mikolaskova_drobna_kunsthalle_accessories_07-1365x2048.png 1365w\" sizes=\"(max-width: 1500px) 100vw, 1500px\" \/><\/a><\/figure>\n\n<div class=\"wp-block-columns is-layout-flex wp-container-core-columns-is-layout-1 wp-block-columns-is-layout-flex\"><div class=\"wp-block-column is-layout-flow wp-block-column-is-layout-flow\"><figure class=\"wp-block-image size-full\"><a href=\"https:\/\/www.mikolaskovadrobna.com\/wp-content\/uploads\/2022\/10\/mikolaskova_drobna_kunsthalle_accessories_06.png\" data-lbwps-width=\"1500\" data-lbwps-height=\"2250\" data-lbwps-srcsmall=\"https:\/\/www.mikolaskovadrobna.com\/wp-content\/uploads\/2022\/10\/mikolaskova_drobna_kunsthalle_accessories_06.png\"><img loading=\"lazy\" decoding=\"async\" width=\"1500\" height=\"2250\" src=\"https:\/\/www.mikolaskovadrobna.com\/wp-content\/uploads\/2022\/10\/mikolaskova_drobna_kunsthalle_accessories_06.png\" alt=\"\" class=\"wp-image-253\" srcset=\"https:\/\/www.mikolaskovadrobna.com\/wp-content\/uploads\/2022\/10\/mikolaskova_drobna_kunsthalle_accessories_06.png 1500w, https:\/\/www.mikolaskovadrobna.com\/wp-content\/uploads\/2022\/10\/mikolaskova_drobna_kunsthalle_accessories_06-1200x1800.png 1200w, https:\/\/www.mikolaskovadrobna.com\/wp-content\/uploads\/2022\/10\/mikolaskova_drobna_kunsthalle_accessories_06-200x300.png 200w, https:\/\/www.mikolaskovadrobna.com\/wp-content\/uploads\/2022\/10\/mikolaskova_drobna_kunsthalle_accessories_06-683x1024.png 683w, https:\/\/www.mikolaskovadrobna.com\/wp-content\/uploads\/2022\/10\/mikolaskova_drobna_kunsthalle_accessories_06-1024x1536.png 1024w, https:\/\/www.mikolaskovadrobna.com\/wp-content\/uploads\/2022\/10\/mikolaskova_drobna_kunsthalle_accessories_06-1365x2048.png 1365w\" sizes=\"(max-width: 1500px) 100vw, 1500px\" \/><\/a><\/figure><\/div>\n\n<div class=\"wp-block-column is-layout-flow wp-block-column-is-layout-flow\"><figure class=\"wp-block-image size-full\"><a href=\"https:\/\/www.mikolaskovadrobna.com\/wp-content\/uploads\/2022\/10\/mikolaskova_drobna_kunsthalle_accessories_05.png\" data-lbwps-width=\"1500\" data-lbwps-height=\"2250\" data-lbwps-srcsmall=\"https:\/\/www.mikolaskovadrobna.com\/wp-content\/uploads\/2022\/10\/mikolaskova_drobna_kunsthalle_accessories_05.png\"><img loading=\"lazy\" decoding=\"async\" width=\"1500\" height=\"2250\" src=\"https:\/\/www.mikolaskovadrobna.com\/wp-content\/uploads\/2022\/10\/mikolaskova_drobna_kunsthalle_accessories_05.png\" alt=\"\" class=\"wp-image-254\" srcset=\"https:\/\/www.mikolaskovadrobna.com\/wp-content\/uploads\/2022\/10\/mikolaskova_drobna_kunsthalle_accessories_05.png 1500w, https:\/\/www.mikolaskovadrobna.com\/wp-content\/uploads\/2022\/10\/mikolaskova_drobna_kunsthalle_accessories_05-1200x1800.png 1200w, https:\/\/www.mikolaskovadrobna.com\/wp-content\/uploads\/2022\/10\/mikolaskova_drobna_kunsthalle_accessories_05-200x300.png 200w, https:\/\/www.mikolaskovadrobna.com\/wp-content\/uploads\/2022\/10\/mikolaskova_drobna_kunsthalle_accessories_05-683x1024.png 683w, https:\/\/www.mikolaskovadrobna.com\/wp-content\/uploads\/2022\/10\/mikolaskova_drobna_kunsthalle_accessories_05-1024x1536.png 1024w, https:\/\/www.mikolaskovadrobna.com\/wp-content\/uploads\/2022\/10\/mikolaskova_drobna_kunsthalle_accessories_05-1365x2048.png 1365w\" sizes=\"(max-width: 1500px) 100vw, 1500px\" \/><\/a><\/figure><\/div><\/div>\n\n<div class=\"wp-block-columns is-layout-flex wp-container-core-columns-is-layout-2 wp-block-columns-is-layout-flex\"><div class=\"wp-block-column is-layout-flow wp-block-column-is-layout-flow\"><figure class=\"wp-block-image size-full\"><a href=\"https:\/\/www.mikolaskovadrobna.com\/wp-content\/uploads\/2022\/10\/mikolaskova_drobna_kunsthalle_accessories_03.png\" data-lbwps-width=\"1500\" data-lbwps-height=\"2250\" data-lbwps-srcsmall=\"https:\/\/www.mikolaskovadrobna.com\/wp-content\/uploads\/2022\/10\/mikolaskova_drobna_kunsthalle_accessories_03.png\"><img loading=\"lazy\" decoding=\"async\" width=\"1500\" height=\"2250\" src=\"https:\/\/www.mikolaskovadrobna.com\/wp-content\/uploads\/2022\/10\/mikolaskova_drobna_kunsthalle_accessories_03.png\" alt=\"\" class=\"wp-image-256\" srcset=\"https:\/\/www.mikolaskovadrobna.com\/wp-content\/uploads\/2022\/10\/mikolaskova_drobna_kunsthalle_accessories_03.png 1500w, https:\/\/www.mikolaskovadrobna.com\/wp-content\/uploads\/2022\/10\/mikolaskova_drobna_kunsthalle_accessories_03-1200x1800.png 1200w, https:\/\/www.mikolaskovadrobna.com\/wp-content\/uploads\/2022\/10\/mikolaskova_drobna_kunsthalle_accessories_03-200x300.png 200w, https:\/\/www.mikolaskovadrobna.com\/wp-content\/uploads\/2022\/10\/mikolaskova_drobna_kunsthalle_accessories_03-683x1024.png 683w, https:\/\/www.mikolaskovadrobna.com\/wp-content\/uploads\/2022\/10\/mikolaskova_drobna_kunsthalle_accessories_03-1024x1536.png 1024w, https:\/\/www.mikolaskovadrobna.com\/wp-content\/uploads\/2022\/10\/mikolaskova_drobna_kunsthalle_accessories_03-1365x2048.png 1365w\" sizes=\"(max-width: 1500px) 100vw, 1500px\" \/><\/a><\/figure><\/div>\n\n<div class=\"wp-block-column is-layout-flow wp-block-column-is-layout-flow\"><figure class=\"wp-block-image size-full\"><a href=\"https:\/\/www.mikolaskovadrobna.com\/wp-content\/uploads\/2022\/10\/mikolaskova_drobna_kunsthalle_accessories_01-1.png\" data-lbwps-width=\"1500\" data-lbwps-height=\"2250\" data-lbwps-srcsmall=\"https:\/\/www.mikolaskovadrobna.com\/wp-content\/uploads\/2022\/10\/mikolaskova_drobna_kunsthalle_accessories_01-1.png\"><img loading=\"lazy\" decoding=\"async\" width=\"1500\" height=\"2250\" src=\"https:\/\/www.mikolaskovadrobna.com\/wp-content\/uploads\/2022\/10\/mikolaskova_drobna_kunsthalle_accessories_01-1.png\" alt=\"\" class=\"wp-image-258\" srcset=\"https:\/\/www.mikolaskovadrobna.com\/wp-content\/uploads\/2022\/10\/mikolaskova_drobna_kunsthalle_accessories_01-1.png 1500w, https:\/\/www.mikolaskovadrobna.com\/wp-content\/uploads\/2022\/10\/mikolaskova_drobna_kunsthalle_accessories_01-1-1200x1800.png 1200w, https:\/\/www.mikolaskovadrobna.com\/wp-content\/uploads\/2022\/10\/mikolaskova_drobna_kunsthalle_accessories_01-1-200x300.png 200w, https:\/\/www.mikolaskovadrobna.com\/wp-content\/uploads\/2022\/10\/mikolaskova_drobna_kunsthalle_accessories_01-1-683x1024.png 683w, https:\/\/www.mikolaskovadrobna.com\/wp-content\/uploads\/2022\/10\/mikolaskova_drobna_kunsthalle_accessories_01-1-1024x1536.png 1024w, https:\/\/www.mikolaskovadrobna.com\/wp-content\/uploads\/2022\/10\/mikolaskova_drobna_kunsthalle_accessories_01-1-1365x2048.png 1365w\" sizes=\"(max-width: 1500px) 100vw, 1500px\" \/><\/a><\/figure><\/div><\/div>\n\n<figure class=\"wp-block-image size-full\"><a href=\"https:\/\/www.mikolaskovadrobna.com\/wp-content\/uploads\/2022\/10\/mikolaskova_drobna_kunsthalle_accessories_02-1.png\" data-lbwps-width=\"1500\" data-lbwps-height=\"2250\" data-lbwps-srcsmall=\"https:\/\/www.mikolaskovadrobna.com\/wp-content\/uploads\/2022\/10\/mikolaskova_drobna_kunsthalle_accessories_02-1.png\"><img loading=\"lazy\" decoding=\"async\" width=\"1500\" height=\"2250\" src=\"https:\/\/www.mikolaskovadrobna.com\/wp-content\/uploads\/2022\/10\/mikolaskova_drobna_kunsthalle_accessories_02-1.png\" alt=\"\" class=\"wp-image-259\" srcset=\"https:\/\/www.mikolaskovadrobna.com\/wp-content\/uploads\/2022\/10\/mikolaskova_drobna_kunsthalle_accessories_02-1.png 1500w, https:\/\/www.mikolaskovadrobna.com\/wp-content\/uploads\/2022\/10\/mikolaskova_drobna_kunsthalle_accessories_02-1-1200x1800.png 1200w, https:\/\/www.mikolaskovadrobna.com\/wp-content\/uploads\/2022\/10\/mikolaskova_drobna_kunsthalle_accessories_02-1-200x300.png 200w, https:\/\/www.mikolaskovadrobna.com\/wp-content\/uploads\/2022\/10\/mikolaskova_drobna_kunsthalle_accessories_02-1-683x1024.png 683w, https:\/\/www.mikolaskovadrobna.com\/wp-content\/uploads\/2022\/10\/mikolaskova_drobna_kunsthalle_accessories_02-1-1024x1536.png 1024w, https:\/\/www.mikolaskovadrobna.com\/wp-content\/uploads\/2022\/10\/mikolaskova_drobna_kunsthalle_accessories_02-1-1365x2048.png 1365w\" sizes=\"(max-width: 1500px) 100vw, 1500px\" \/><\/a><\/figure><\/div><\/div><p><\/p><p>When we designed the accessories for the Book Lounge in Kunsthalle Prague, we decided to respect the overall character of the newly renovated Zenger Transformer Station. The bookends, labels and headphone stand are made from a single piece of raw steel and the final shape is achieved by bending. The bookends can be used in two ways. Either they can be used as a stand for one book or as a classic bookend. The raw steel is protected against corrosion by a surface treatment.<\/p><p>Foto:<em> Krist\u00fdna Mikol\u00e1\u0161kov\u00e1<\/em><\/p>","protected":false},"excerpt":{"rendered":"<p>When we designed the accessories for the Book Lounge in Kunsthalle Prague, we decided to respect the overall character of the newly renovated Zenger Transformer Station. The bookends, labels and headphone stand are made from a single piece of raw steel and the final shape is achieved by bending. The bookends can be used in [&hellip;]<\/p>","protected":false},"author":2,"featured_media":0,"parent":71,"menu_order":0,"comment_status":"closed","ping_status":"closed","template":"","meta":{"_editorskit_title_hidden":false,"_editorskit_reading_time":1,"_editorskit_is_block_options_detached":false,"_editorskit_block_options_position":"{}","footnotes":""},"class_list":["post-250","page","type-page","status-publish","hentry"],"_links":{"self":[{"href":"https:\/\/www.mikolaskovadrobna.com\/cs\/wp-json\/wp\/v2\/pages\/250"}],"collection":[{"href":"https:\/\/www.mikolaskovadrobna.com\/cs\/wp-json\/wp\/v2\/pages"}],"about":[{"href":"https:\/\/www.mikolaskovadrobna.com\/cs\/wp-json\/wp\/v2\/types\/page"}],"author":[{"embeddable":true,"href":"https:\/\/www.mikolaskovadrobna.com\/cs\/wp-json\/wp\/v2\/users\/2"}],"replies":[{"embeddable":true,"href":"https:\/\/www.mikolaskovadrobna.com\/cs\/wp-json\/wp\/v2\/comments?post=250"}],"version-history":[{"count":4,"href":"https:\/\/www.mikolaskovadrobna.com\/cs\/wp-json\/wp\/v2\/pages\/250\/revisions"}],"predecessor-version":[{"id":641,"href":"https:\/\/www.mikolaskovadrobna.com\/cs\/wp-json\/wp\/v2\/pages\/250\/revisions\/641"}],"up":[{"embeddable":true,"href":"https:\/\/www.mikolaskovadrobna.com\/cs\/wp-json\/wp\/v2\/pages\/71"}],"wp:attachment":[{"href":"https:\/\/www.mikolaskovadrobna.com\/cs\/wp-json\/wp\/v2\/media?parent=250"}],"curies":[{"name":"wp","href":"https:\/\/api.w.org\/{rel}","templated":true}]}}