{"id":148,"date":"2022-07-24T18:02:37","date_gmt":"2022-07-24T18:02:37","guid":{"rendered":"https:\/\/www.mikolaskovadrobna.com\/?page_id=148"},"modified":"2024-01-10T13:07:26","modified_gmt":"2024-01-10T13:07:26","slug":"scene-collection","status":"publish","type":"page","link":"https:\/\/www.mikolaskovadrobna.com\/cs\/projects\/scene-collection\/","title":{"rendered":"Scene Collection"},"content":{"rendered":"<div class=\"wp-block-group wp-block-columns-projects-gallery\"><div class=\"wp-block-group__inner-container is-layout-flow wp-block-group-is-layout-flow\"><div class=\"wp-block-columns is-layout-flex wp-container-core-columns-is-layout-1 wp-block-columns-is-layout-flex\"><div class=\"wp-block-column is-layout-flow wp-block-column-is-layout-flow\"><figure class=\"wp-block-image size-large\"><img loading=\"lazy\" decoding=\"async\" width=\"683\" height=\"1024\" src=\"https:\/\/www.mikolaskovadrobna.com\/wp-content\/uploads\/2024\/01\/6-683x1024.png\" alt=\"\" class=\"wp-image-761\" srcset=\"https:\/\/www.mikolaskovadrobna.com\/wp-content\/uploads\/2024\/01\/6-683x1024.png 683w, https:\/\/www.mikolaskovadrobna.com\/wp-content\/uploads\/2024\/01\/6-200x300.png 200w, https:\/\/www.mikolaskovadrobna.com\/wp-content\/uploads\/2024\/01\/6-1024x1536.png 1024w, https:\/\/www.mikolaskovadrobna.com\/wp-content\/uploads\/2024\/01\/6-1365x2048.png 1365w, https:\/\/www.mikolaskovadrobna.com\/wp-content\/uploads\/2024\/01\/6-8x12.png 8w, https:\/\/www.mikolaskovadrobna.com\/wp-content\/uploads\/2024\/01\/6-1200x1800.png 1200w, https:\/\/www.mikolaskovadrobna.com\/wp-content\/uploads\/2024\/01\/6.png 1500w\" sizes=\"(max-width: 683px) 100vw, 683px\" \/><\/figure><\/div>\n\n<div class=\"wp-block-column is-layout-flow wp-block-column-is-layout-flow\"><figure class=\"wp-block-image size-full\"><a href=\"https:\/\/www.mikolaskovadrobna.com\/wp-content\/uploads\/2022\/07\/5-2.png\" data-lbwps-width=\"1500\" data-lbwps-height=\"2250\" data-lbwps-srcsmall=\"https:\/\/www.mikolaskovadrobna.com\/wp-content\/uploads\/2022\/07\/5-2.png\"><img loading=\"lazy\" decoding=\"async\" width=\"1500\" height=\"2250\" src=\"https:\/\/www.mikolaskovadrobna.com\/wp-content\/uploads\/2022\/07\/5-2.png\" alt=\"\" class=\"wp-image-170\" srcset=\"https:\/\/www.mikolaskovadrobna.com\/wp-content\/uploads\/2022\/07\/5-2.png 1500w, https:\/\/www.mikolaskovadrobna.com\/wp-content\/uploads\/2022\/07\/5-2-1200x1800.png 1200w, https:\/\/www.mikolaskovadrobna.com\/wp-content\/uploads\/2022\/07\/5-2-200x300.png 200w, https:\/\/www.mikolaskovadrobna.com\/wp-content\/uploads\/2022\/07\/5-2-683x1024.png 683w, https:\/\/www.mikolaskovadrobna.com\/wp-content\/uploads\/2022\/07\/5-2-1024x1536.png 1024w, https:\/\/www.mikolaskovadrobna.com\/wp-content\/uploads\/2022\/07\/5-2-1365x2048.png 1365w\" sizes=\"(max-width: 1500px) 100vw, 1500px\" \/><\/a><\/figure><\/div><\/div>\n\n<div class=\"wp-block-columns is-layout-flex wp-container-core-columns-is-layout-3 wp-block-columns-is-layout-flex\"><div class=\"wp-block-column is-layout-flow wp-block-column-is-layout-flow\" style=\"flex-basis:100%\"><div class=\"wp-block-columns is-layout-flex wp-container-core-columns-is-layout-2 wp-block-columns-is-layout-flex\"><div class=\"wp-block-column is-layout-flow wp-block-column-is-layout-flow\" style=\"flex-basis:100%\"><figure class=\"wp-block-image size-full\"><a href=\"https:\/\/www.mikolaskovadrobna.com\/wp-content\/uploads\/2022\/09\/4.png\" data-lbwps-width=\"1500\" data-lbwps-height=\"2250\" data-lbwps-srcsmall=\"https:\/\/www.mikolaskovadrobna.com\/wp-content\/uploads\/2022\/09\/4.png\"><img loading=\"lazy\" decoding=\"async\" width=\"1500\" height=\"2250\" src=\"https:\/\/www.mikolaskovadrobna.com\/wp-content\/uploads\/2022\/09\/4.png\" alt=\"\" class=\"wp-image-184\" srcset=\"https:\/\/www.mikolaskovadrobna.com\/wp-content\/uploads\/2022\/09\/4.png 1500w, https:\/\/www.mikolaskovadrobna.com\/wp-content\/uploads\/2022\/09\/4-1200x1800.png 1200w, https:\/\/www.mikolaskovadrobna.com\/wp-content\/uploads\/2022\/09\/4-200x300.png 200w, https:\/\/www.mikolaskovadrobna.com\/wp-content\/uploads\/2022\/09\/4-683x1024.png 683w, https:\/\/www.mikolaskovadrobna.com\/wp-content\/uploads\/2022\/09\/4-1024x1536.png 1024w, https:\/\/www.mikolaskovadrobna.com\/wp-content\/uploads\/2022\/09\/4-1365x2048.png 1365w\" sizes=\"(max-width: 1500px) 100vw, 1500px\" \/><\/a><\/figure><\/div><\/div>\n\n<figure class=\"wp-block-image size-full\"><a href=\"https:\/\/www.mikolaskovadrobna.com\/wp-content\/uploads\/2022\/10\/Mikolaskova-a-Drobna-Scene-Collection-9.png\" data-lbwps-width=\"1500\" data-lbwps-height=\"1000\" data-lbwps-srcsmall=\"https:\/\/www.mikolaskovadrobna.com\/wp-content\/uploads\/2022\/10\/Mikolaskova-a-Drobna-Scene-Collection-9.png\"><img loading=\"lazy\" decoding=\"async\" width=\"1500\" height=\"1000\" src=\"https:\/\/www.mikolaskovadrobna.com\/wp-content\/uploads\/2022\/10\/Mikolaskova-a-Drobna-Scene-Collection-9.png\" alt=\"\" class=\"wp-image-241\" srcset=\"https:\/\/www.mikolaskovadrobna.com\/wp-content\/uploads\/2022\/10\/Mikolaskova-a-Drobna-Scene-Collection-9.png 1500w, https:\/\/www.mikolaskovadrobna.com\/wp-content\/uploads\/2022\/10\/Mikolaskova-a-Drobna-Scene-Collection-9-1200x800.png 1200w, https:\/\/www.mikolaskovadrobna.com\/wp-content\/uploads\/2022\/10\/Mikolaskova-a-Drobna-Scene-Collection-9-300x200.png 300w, https:\/\/www.mikolaskovadrobna.com\/wp-content\/uploads\/2022\/10\/Mikolaskova-a-Drobna-Scene-Collection-9-1024x683.png 1024w\" sizes=\"(max-width: 1500px) 100vw, 1500px\" \/><\/a><\/figure><\/div><\/div>\n\n<figure class=\"wp-block-image size-full\"><a href=\"https:\/\/www.mikolaskovadrobna.com\/wp-content\/uploads\/2022\/09\/mikolaskova_drobna_sklo_10.png\" data-lbwps-width=\"1500\" data-lbwps-height=\"1000\" data-lbwps-srcsmall=\"https:\/\/www.mikolaskovadrobna.com\/wp-content\/uploads\/2022\/09\/mikolaskova_drobna_sklo_10.png\"><img loading=\"lazy\" decoding=\"async\" width=\"1500\" height=\"1000\" src=\"https:\/\/www.mikolaskovadrobna.com\/wp-content\/uploads\/2022\/09\/mikolaskova_drobna_sklo_10.png\" alt=\"\" class=\"wp-image-188\" srcset=\"https:\/\/www.mikolaskovadrobna.com\/wp-content\/uploads\/2022\/09\/mikolaskova_drobna_sklo_10.png 1500w, https:\/\/www.mikolaskovadrobna.com\/wp-content\/uploads\/2022\/09\/mikolaskova_drobna_sklo_10-1200x800.png 1200w, https:\/\/www.mikolaskovadrobna.com\/wp-content\/uploads\/2022\/09\/mikolaskova_drobna_sklo_10-300x200.png 300w, https:\/\/www.mikolaskovadrobna.com\/wp-content\/uploads\/2022\/09\/mikolaskova_drobna_sklo_10-1024x683.png 1024w\" sizes=\"(max-width: 1500px) 100vw, 1500px\" \/><\/a><\/figure>\n\n<div class=\"wp-block-columns is-layout-flex wp-container-core-columns-is-layout-4 wp-block-columns-is-layout-flex\"><div class=\"wp-block-column is-layout-flow wp-block-column-is-layout-flow\"><figure class=\"wp-block-image size-full\"><a href=\"https:\/\/www.mikolaskovadrobna.com\/wp-content\/uploads\/2022\/09\/mikolaskova_drobna_sklo_15.png\" data-lbwps-width=\"1500\" data-lbwps-height=\"2250\" data-lbwps-srcsmall=\"https:\/\/www.mikolaskovadrobna.com\/wp-content\/uploads\/2022\/09\/mikolaskova_drobna_sklo_15.png\"><img loading=\"lazy\" decoding=\"async\" width=\"1500\" height=\"2250\" src=\"https:\/\/www.mikolaskovadrobna.com\/wp-content\/uploads\/2022\/09\/mikolaskova_drobna_sklo_15.png\" alt=\"\" class=\"wp-image-194\" srcset=\"https:\/\/www.mikolaskovadrobna.com\/wp-content\/uploads\/2022\/09\/mikolaskova_drobna_sklo_15.png 1500w, https:\/\/www.mikolaskovadrobna.com\/wp-content\/uploads\/2022\/09\/mikolaskova_drobna_sklo_15-1200x1800.png 1200w, https:\/\/www.mikolaskovadrobna.com\/wp-content\/uploads\/2022\/09\/mikolaskova_drobna_sklo_15-200x300.png 200w, https:\/\/www.mikolaskovadrobna.com\/wp-content\/uploads\/2022\/09\/mikolaskova_drobna_sklo_15-683x1024.png 683w, https:\/\/www.mikolaskovadrobna.com\/wp-content\/uploads\/2022\/09\/mikolaskova_drobna_sklo_15-1024x1536.png 1024w, https:\/\/www.mikolaskovadrobna.com\/wp-content\/uploads\/2022\/09\/mikolaskova_drobna_sklo_15-1365x2048.png 1365w\" sizes=\"(max-width: 1500px) 100vw, 1500px\" \/><\/a><\/figure><\/div>\n\n<div class=\"wp-block-column is-layout-flow wp-block-column-is-layout-flow\"><figure class=\"wp-block-image size-full\"><a href=\"https:\/\/www.mikolaskovadrobna.com\/wp-content\/uploads\/2022\/09\/mikolaskova_drobna_sklo_14.png\" data-lbwps-width=\"1500\" data-lbwps-height=\"2250\" data-lbwps-srcsmall=\"https:\/\/www.mikolaskovadrobna.com\/wp-content\/uploads\/2022\/09\/mikolaskova_drobna_sklo_14.png\"><img loading=\"lazy\" decoding=\"async\" width=\"1500\" height=\"2250\" src=\"https:\/\/www.mikolaskovadrobna.com\/wp-content\/uploads\/2022\/09\/mikolaskova_drobna_sklo_14.png\" alt=\"\" class=\"wp-image-190\" srcset=\"https:\/\/www.mikolaskovadrobna.com\/wp-content\/uploads\/2022\/09\/mikolaskova_drobna_sklo_14.png 1500w, https:\/\/www.mikolaskovadrobna.com\/wp-content\/uploads\/2022\/09\/mikolaskova_drobna_sklo_14-1200x1800.png 1200w, https:\/\/www.mikolaskovadrobna.com\/wp-content\/uploads\/2022\/09\/mikolaskova_drobna_sklo_14-200x300.png 200w, https:\/\/www.mikolaskovadrobna.com\/wp-content\/uploads\/2022\/09\/mikolaskova_drobna_sklo_14-683x1024.png 683w, https:\/\/www.mikolaskovadrobna.com\/wp-content\/uploads\/2022\/09\/mikolaskova_drobna_sklo_14-1024x1536.png 1024w, https:\/\/www.mikolaskovadrobna.com\/wp-content\/uploads\/2022\/09\/mikolaskova_drobna_sklo_14-1365x2048.png 1365w\" sizes=\"(max-width: 1500px) 100vw, 1500px\" \/><\/a><\/figure><\/div><\/div>\n\n<figure class=\"wp-block-image size-full\"><a href=\"https:\/\/www.mikolaskovadrobna.com\/wp-content\/uploads\/2022\/10\/mikolaskova_drobna_zarazky_03-2.png\" data-lbwps-width=\"1500\" data-lbwps-height=\"1000\" data-lbwps-srcsmall=\"https:\/\/www.mikolaskovadrobna.com\/wp-content\/uploads\/2022\/10\/mikolaskova_drobna_zarazky_03-2.png\"><img loading=\"lazy\" decoding=\"async\" width=\"1500\" height=\"1000\" src=\"https:\/\/www.mikolaskovadrobna.com\/wp-content\/uploads\/2022\/10\/mikolaskova_drobna_zarazky_03-2.png\" alt=\"\" class=\"wp-image-243\" srcset=\"https:\/\/www.mikolaskovadrobna.com\/wp-content\/uploads\/2022\/10\/mikolaskova_drobna_zarazky_03-2.png 1500w, https:\/\/www.mikolaskovadrobna.com\/wp-content\/uploads\/2022\/10\/mikolaskova_drobna_zarazky_03-2-1200x800.png 1200w, https:\/\/www.mikolaskovadrobna.com\/wp-content\/uploads\/2022\/10\/mikolaskova_drobna_zarazky_03-2-300x200.png 300w, https:\/\/www.mikolaskovadrobna.com\/wp-content\/uploads\/2022\/10\/mikolaskova_drobna_zarazky_03-2-1024x683.png 1024w\" sizes=\"(max-width: 1500px) 100vw, 1500px\" \/><\/a><\/figure>\n\n<div class=\"wp-block-columns is-layout-flex wp-container-core-columns-is-layout-5 wp-block-columns-is-layout-flex\"><div class=\"wp-block-column is-layout-flow wp-block-column-is-layout-flow\"><figure class=\"wp-block-image size-full\"><a href=\"https:\/\/www.mikolaskovadrobna.com\/wp-content\/uploads\/2022\/10\/mikolaskova_drobna_zarazky_detail_05-4.png\" data-lbwps-width=\"1500\" data-lbwps-height=\"2250\" data-lbwps-srcsmall=\"https:\/\/www.mikolaskovadrobna.com\/wp-content\/uploads\/2022\/10\/mikolaskova_drobna_zarazky_detail_05-4.png\"><img loading=\"lazy\" decoding=\"async\" width=\"1500\" height=\"2250\" src=\"https:\/\/www.mikolaskovadrobna.com\/wp-content\/uploads\/2022\/10\/mikolaskova_drobna_zarazky_detail_05-4.png\" alt=\"\" class=\"wp-image-244\" srcset=\"https:\/\/www.mikolaskovadrobna.com\/wp-content\/uploads\/2022\/10\/mikolaskova_drobna_zarazky_detail_05-4.png 1500w, https:\/\/www.mikolaskovadrobna.com\/wp-content\/uploads\/2022\/10\/mikolaskova_drobna_zarazky_detail_05-4-1200x1800.png 1200w, https:\/\/www.mikolaskovadrobna.com\/wp-content\/uploads\/2022\/10\/mikolaskova_drobna_zarazky_detail_05-4-200x300.png 200w, https:\/\/www.mikolaskovadrobna.com\/wp-content\/uploads\/2022\/10\/mikolaskova_drobna_zarazky_detail_05-4-683x1024.png 683w, https:\/\/www.mikolaskovadrobna.com\/wp-content\/uploads\/2022\/10\/mikolaskova_drobna_zarazky_detail_05-4-1024x1536.png 1024w, https:\/\/www.mikolaskovadrobna.com\/wp-content\/uploads\/2022\/10\/mikolaskova_drobna_zarazky_detail_05-4-1365x2048.png 1365w\" sizes=\"(max-width: 1500px) 100vw, 1500px\" \/><\/a><\/figure><\/div>\n\n<div class=\"wp-block-column is-layout-flow wp-block-column-is-layout-flow\"><figure class=\"wp-block-image size-full\"><a href=\"https:\/\/www.mikolaskovadrobna.com\/wp-content\/uploads\/2022\/10\/mikolaskova_drobna_zarazky_04-3.png\" data-lbwps-width=\"1500\" data-lbwps-height=\"2251\" data-lbwps-srcsmall=\"https:\/\/www.mikolaskovadrobna.com\/wp-content\/uploads\/2022\/10\/mikolaskova_drobna_zarazky_04-3.png\"><img loading=\"lazy\" decoding=\"async\" width=\"1500\" height=\"2251\" src=\"https:\/\/www.mikolaskovadrobna.com\/wp-content\/uploads\/2022\/10\/mikolaskova_drobna_zarazky_04-3.png\" alt=\"\" class=\"wp-image-245\" srcset=\"https:\/\/www.mikolaskovadrobna.com\/wp-content\/uploads\/2022\/10\/mikolaskova_drobna_zarazky_04-3.png 1500w, https:\/\/www.mikolaskovadrobna.com\/wp-content\/uploads\/2022\/10\/mikolaskova_drobna_zarazky_04-3-1200x1801.png 1200w, https:\/\/www.mikolaskovadrobna.com\/wp-content\/uploads\/2022\/10\/mikolaskova_drobna_zarazky_04-3-200x300.png 200w, https:\/\/www.mikolaskovadrobna.com\/wp-content\/uploads\/2022\/10\/mikolaskova_drobna_zarazky_04-3-682x1024.png 682w, https:\/\/www.mikolaskovadrobna.com\/wp-content\/uploads\/2022\/10\/mikolaskova_drobna_zarazky_04-3-1024x1536.png 1024w, https:\/\/www.mikolaskovadrobna.com\/wp-content\/uploads\/2022\/10\/mikolaskova_drobna_zarazky_04-3-1365x2048.png 1365w\" sizes=\"(max-width: 1500px) 100vw, 1500px\" \/><\/a><\/figure><\/div><\/div><\/div><\/div><div class=\"wp-block-columns is-layout-flex wp-container-core-columns-is-layout-6 wp-block-columns-is-layout-flex\"><div class=\"wp-block-column is-layout-flow wp-block-column-is-layout-flow\"><p>Shop: <strong><a href=\"https:\/\/www.mikolaskovadrobna.com\/cs\/shop\/\" target=\"_blank\" aria-label=\"Scene Collection (opens in a new tab)\" rel=\"noreferrer noopener\" class=\"ek-link\">Scene Collection<\/a><\/strong><br>Materi\u00e1l: <em>Kov, Sklo<\/em><br>Foto: <em><em>Anna Pleslov\u00e1, Viktorie Mac\u00e1nov\u00e1, Agnes Willow<\/em> <\/em><br>Info: <em>Czech Design Week 2021 \u2013 Best installation<\/em><br><em>Designblok Awards 2021 \u2013 Nomination for Best Installation<\/em><br><em>Czech Grand Design 2021 \u2013 finalist for Discovery of the Year<\/em><br><em>Zl\u00edn Design Week 2022 \u2013 Media Award<\/em><br><\/p><\/div>\n\n<div class=\"wp-block-column is-layout-flow wp-block-column-is-layout-flow\"><p>Kolekce bytov\u00fdch dopl\u0148k\u016f odkazuje k architektonick\u00fdm fragment\u016fm \u010di ke sc\u00e9nografick\u00fdm kulis\u00e1m. To umo\u017e\u0148uje vytv\u00e1\u0159et r\u016fznorod\u00e9 kompozice a reagovat tak na pot\u0159eby a fantazie u\u017eivatele. Cel\u00e1 kolekce se nese v duchu jasn\u00fdch barev, kter\u00e9 jsou z\u00e1m\u011brn\u011b voleny tak, aby evokovaly radost a \u0161t\u011bst\u00ed \u2013 emoce, kter\u00e9 v\u0161ichni b\u011bhem lockdownu tak zoufale postr\u00e1dali. Hlavn\u00edm prvkem cel\u00e9 kolekce je s\u00e9rie variabiln\u00edch stolk\u016f, kter\u00e1 tvo\u0159\u00ed kulisu fiktivn\u00edho m\u00edsta. Tuto scen\u00e9rii dotv\u00e1\u0159\u00ed sklen\u011bn\u00e9 v\u00e1zy ve tvaru sloup\u016f. D\u00e1l\u0161\u00ed sou\u010d\u00e1st\u00ed kolekce jsou pak zar\u00e1\u017eky na knihy a m\u00edsy, u nich\u017e je signifikantn\u00ed hra s m\u011b\u0159\u00edtkem v\u016f\u010di z\u00e1kladu kolekce. Sklen\u011bn\u00e9 prvky vznikly ve spolupr\u00e1ci s Preciosa Lighting.<\/p><\/div><\/div>","protected":false},"excerpt":{"rendered":"<p>Shop: Scene CollectionMaterial: Steel, GlassPhoto: Anna Pleslov\u00e1, Viktorie Mac\u00e1nov\u00e1, Agnes Willow Info: Czech Design Week 2021 \u2013 Best installationDesignblok Awards 2021 \u2013 Nomination for Best InstallationCzech Grand Design 2021 \u2013 finalist for Discovery of the YearZl\u00edn Design Week 2022 \u2013 Media Award The collection of home accessories refers to architectural fragments or scenographic backdrops. This [&hellip;]<\/p>","protected":false},"author":1,"featured_media":0,"parent":71,"menu_order":1,"comment_status":"closed","ping_status":"closed","template":"","meta":{"_editorskit_title_hidden":false,"_editorskit_reading_time":0,"_editorskit_is_block_options_detached":false,"_editorskit_block_options_position":"{}","footnotes":""},"class_list":["post-148","page","type-page","status-publish","hentry"],"_links":{"self":[{"href":"https:\/\/www.mikolaskovadrobna.com\/cs\/wp-json\/wp\/v2\/pages\/148"}],"collection":[{"href":"https:\/\/www.mikolaskovadrobna.com\/cs\/wp-json\/wp\/v2\/pages"}],"about":[{"href":"https:\/\/www.mikolaskovadrobna.com\/cs\/wp-json\/wp\/v2\/types\/page"}],"author":[{"embeddable":true,"href":"https:\/\/www.mikolaskovadrobna.com\/cs\/wp-json\/wp\/v2\/users\/1"}],"replies":[{"embeddable":true,"href":"https:\/\/www.mikolaskovadrobna.com\/cs\/wp-json\/wp\/v2\/comments?post=148"}],"version-history":[{"count":16,"href":"https:\/\/www.mikolaskovadrobna.com\/cs\/wp-json\/wp\/v2\/pages\/148\/revisions"}],"predecessor-version":[{"id":764,"href":"https:\/\/www.mikolaskovadrobna.com\/cs\/wp-json\/wp\/v2\/pages\/148\/revisions\/764"}],"up":[{"embeddable":true,"href":"https:\/\/www.mikolaskovadrobna.com\/cs\/wp-json\/wp\/v2\/pages\/71"}],"wp:attachment":[{"href":"https:\/\/www.mikolaskovadrobna.com\/cs\/wp-json\/wp\/v2\/media?parent=148"}],"curies":[{"name":"wp","href":"https:\/\/api.w.org\/{rel}","templated":true}]}}